{"id":1103,"date":"2017-04-24T09:13:34","date_gmt":"2017-04-24T09:13:34","guid":{"rendered":"https:\/\/www.hogarcolchon.com\/colchones-complementos-hogar\/politica-de-cookies\/"},"modified":"2023-05-23T10:04:29","modified_gmt":"2023-05-23T10:04:29","slug":"politica-de-cookies","status":"publish","type":"page","link":"https:\/\/www.hogarcolchon.com\/colchones-complementos-hogar\/politica-de-cookies\/","title":{"rendered":"Pol\u00edtica de cookies"},"content":{"rendered":"<p>[et_pb_section fb_built=\u00bb1&#8243; admin_label=\u00bbsection\u00bb _builder_version=\u00bb4.16&#8243; global_colors_info=\u00bb{}\u00bb][et_pb_row admin_label=\u00bbrow\u00bb _builder_version=\u00bb4.16&#8243; background_size=\u00bbinitial\u00bb background_position=\u00bbtop_left\u00bb background_repeat=\u00bbrepeat\u00bb global_colors_info=\u00bb{}\u00bb][et_pb_column type=\u00bb4_4&#8243; _builder_version=\u00bb4.16&#8243; custom_padding=\u00bb|||\u00bb global_colors_info=\u00bb{}\u00bb custom_padding__hover=\u00bb|||\u00bb][et_pb_text _builder_version=\u00bb4.21.0&#8243; _module_preset=\u00bbdefault\u00bb global_colors_info=\u00bb{}\u00bb]<\/p>\n<p><strong>Responsable<\/strong>: HOGAR COLCHON, S.L. <br \/><strong>Finalidad y uso de cookies:<\/strong> Recopilar informaci\u00f3n que ayuda a optimizar la visita del usuario<br \/><strong>Base jur\u00eddica del uso de cookies:<\/strong> por consentimiento del usuario, pues, el usuario puede permitir su uso o rechazarlo, o cambiar su configuraci\u00f3n siempre que lo desee<br \/><strong>Destinatarios del tratamiento de datos a trav\u00e9s del uso de cookies<\/strong>: seg\u00fan su tipolog\u00eda, se ceder\u00e1n a Google Analytics, You Tube y Doubleclick.<br \/><strong>Plazo de conservaci\u00f3n de los datos obtenidos a trav\u00e9s del uso de cookies:<\/strong> el m\u00ednimo indispensable de acuerdo a su finalidad<br \/>Para m\u00e1s informaci\u00f3n puede acceder a nuestra <strong><u>pol\u00edtica de privacidad<\/u> <\/strong><\/p>\n<p>&nbsp;<\/p>\n<p>HOGAR COLCHON, S.L. , a trav\u00e9s del presente documento, recoge su Pol\u00edtica de recogida y tratamiento de cookies, en cumplimiento de lo dispuesto en el art\u00edculo 22.2 de la Ley 34\/2002, de 11 de julio, de Servicios de la Sociedad de la Informaci\u00f3n y de Comercio Electr\u00f3nico (LSSICE).<\/p>\n<p>Las cookies se almacenan en el equipo terminal del usuario (ordenador o dispositivo m\u00f3vil) y recopilan informaci\u00f3n al visitar la p\u00e1gina web www.hogarcolchon.com, con la finalidad de mejorar la usabilidad de las mismas, conocer los h\u00e1bitos o necesidades de navegaci\u00f3n de los usuarios para poder adaptarse a los mismos, as\u00ed como obtener informaci\u00f3n con fines estad\u00edsticos. En el caso de aquellos usuarios que ya sean clientes de la entidad, la informaci\u00f3n recabada con las cookies servir\u00e1 tambi\u00e9n para su identificaci\u00f3n al acceder a las distintas herramientas que la entidad pone a su disposici\u00f3n para la gesti\u00f3n de los servicios.<\/p>\n<p>La presente Pol\u00edtica de Cookies ser\u00e1 de aplicaci\u00f3n a aquellos usuarios que voluntariamente visitan las p\u00e1ginas web de la entidad, cumplimentan formularios de recogida de datos, acceden a las herramientas que la entidad pone a disposici\u00f3n de sus clientes para gestionar sus servicios, o utilizan cualquier otro servicio presente en el sitio web que implique la comunicaci\u00f3n de datos a la entidad, o el acceso a datos por la entidad, para la prestaci\u00f3n de sus servicios.<\/p>\n<p>HOGAR COLCHON, S.L. informa a los usuarios de sus p\u00e1ginas web, de la existencia de cookies y pone a su disposici\u00f3n la presente Pol\u00edtica con la finalidad de informarles acerca del uso y del objeto de las mismas. El hecho de continuar la navegaci\u00f3n a trav\u00e9s de sus p\u00e1ginas supone el conocimiento y la aceptaci\u00f3n de la presente Pol\u00edtica por parte de dichos usuarios.<\/p>\n<p>&nbsp;<\/p>\n<p><strong><u>TIPOS DE COOKIES:<\/u><\/strong><\/p>\n<p><strong>Clasificadas por su titularidad:<\/strong><\/p>\n<p>* Cookies propias: enviadas y gestionadas directamente por la entidad.<br \/>* Cookies de terceros: enviadas y gestionadas por un tercero ajeno a la entidad, de forma an\u00f3nima, con la finalidad de realizar estudios estad\u00edsticos de navegaci\u00f3n por las p\u00e1ginas web de la entidad.<\/p>\n<p>&nbsp;<\/p>\n<p><strong>Clasificadas por su finalidad<\/strong>:<\/p>\n<p>* Cookies t\u00e9cnicas y\/o de personalizaci\u00f3n: facilitan la navegaci\u00f3n, al identificar la sesi\u00f3n, permitir el acceso a herramientas de acceso restringido, adem\u00e1s de configurar a medida las opciones disponibles. Posibilitan la prestaci\u00f3n del servicio solicitado previamente por el usuario.<br \/>* Cookies de an\u00e1lisis y\/o publicidad: permiten conocer el n\u00famero de visitas recibidas en las diferentes secciones de las p\u00e1ginas web, los h\u00e1bitos y tendencias de sus usuarios y en consecuencia, poder mejorar la navegaci\u00f3n y el servicio ofrecido por la entidad (fundamentalmente, Google Analytics), as\u00ed como gestionar los espacios publicitarios incluidos en la p\u00e1gina web visitada por el usuario. Recopila datos de forma an\u00f3nima con la finalidad de obtener perfiles de navegaci\u00f3n de los usuarios.<br \/>* Cookies de redes sociales externas: se utilizan para que los visitantes puedan interactuar con el contenido de diferentes plataformas sociales (facebook, youtube, twitter, linkedIn, etc..) y que se generen \u00fanicamente para los usuarios de dichas redes sociales. Las condiciones de utilizaci\u00f3n de estas cookies y la informaci\u00f3n recopilada se regula por la pol\u00edtica de privacidad de la plataforma social correspondiente.<\/p>\n<p>&nbsp;<\/p>\n<p><strong>Clasificadas por su duraci\u00f3n:<\/strong><\/p>\n<p>* Cookies de sesi\u00f3n: recaban y almacenan los datos mientras el usuario accede a la p\u00e1gina web.<br \/>* Cookies persistentes: recaban y almacenan los datos en el terminal del usuario durante un periodo de tiempo variable en funci\u00f3n de cu\u00e1l sea la finalidad para la que han sido utilizadas.<\/p>\n<p>&nbsp;<\/p>\n<p><strong><u>DESACTIVACI\u00d3N Y ELIMINACI\u00d3N DE COOKIES\u00a0 <\/u><\/strong><\/p>\n<p>Tienes la opci\u00f3n de permitir, bloquear o eliminar las cookies instaladas en tu equipo mediante la configuraci\u00f3n de las opciones del navegador instalado en su equipo. Al desactivar cookies, algunos de los servicios disponibles podr\u00edan dejar de estar operativos. La forma de deshabilitar las cookies es diferente para cada navegador, pero normalmente puede hacerse desde el men\u00fa Herramientas u Opciones. Tambi\u00e9n puede consultarse el men\u00fa de Ayuda del navegador d\u00f3nde puedes encontrar instrucciones.<\/p>\n<p>El usuario podr\u00e1 en cualquier momento elegir qu\u00e9 cookies quiere que funcionen en este sitio web. Puede usted permitir, bloquear o eliminar las cookies instaladas en su equipo mediante la configuraci\u00f3n de las opciones del navegador instalado en su ordenador:<\/p>\n<p>Microsoft Internet Explorer o Microsoft Edge: http:\/\/windows.microsoft.com\/es-es\/windows-vista\/Block-or-allow-cookies<\/p>\n<p>Mozilla Firefox: http:\/\/support.mozilla.org\/es\/kb\/impedir-que-los-sitios-web-guarden-sus-preferencia<\/p>\n<p>Chrome: https:\/\/support.google.com\/accounts\/answer\/61416?hl=es<\/p>\n<p>Safari: http:\/\/safari.helpmax.net\/es\/privacidad-y-seguridad\/como-gestionar-las-cookies\/<\/p>\n<p>Opera: http:\/\/help.opera.com\/Linux\/10.60\/es-ES\/cookies.html<\/p>\n<p>Adem\u00e1s, tambi\u00e9n puede gestionar el almac\u00e9n de cookies en su navegador a trav\u00e9s de herramientas como las siguientes<\/p>\n<p>Ghostery: www.ghostery.com\/<\/p>\n<p>Your online choices: www.youronlinechoices.com\/es\/<\/p>\n<p><strong>A continuaci\u00f3n se identifican las cookies que est\u00e1n siendo utilizadas en este portal web www.hogarcolchon.com, del que es titular HOGAR COLCHON, S.L. ,\u00a0 as\u00ed como su tipolog\u00eda y funci\u00f3n:<\/strong><\/p>\n<p><strong><u>Declaraci\u00f3n de cookies actualizada por \u00faltima vez el 26\/07\/2021:<\/u><\/strong><\/p>\n<p><img fetchpriority=\"high\" fetchpriority=\"high\" decoding=\"async\" class=\"wp-image-1580 size-full aligncenter\" src=\"https:\/\/www.hogarcolchon.com\/colchones-complementos-hogar\/wp-content\/uploads\/2021\/09\/cookies.jpg\" alt=\"\" width=\"1011\" height=\"303\" srcset=\"https:\/\/www.hogarcolchon.com\/colchones-complementos-hogar\/wp-content\/uploads\/2021\/09\/cookies.jpg 1011w, https:\/\/www.hogarcolchon.com\/colchones-complementos-hogar\/wp-content\/uploads\/2021\/09\/cookies-980x294.jpg 980w, https:\/\/www.hogarcolchon.com\/colchones-complementos-hogar\/wp-content\/uploads\/2021\/09\/cookies-480x144.jpg 480w\" sizes=\"(min-width: 0px) and (max-width: 480px) 480px, (min-width: 481px) and (max-width: 980px) 980px, (min-width: 981px) 1011px, 100vw\" \/><\/p>\n<p>El tiempo de conservaci\u00f3n de las cookies depender\u00e1 del tipo de que se trate y siempre ser\u00e1 el m\u00ednimo indispensable para cumplir su finalidad.<\/p>\n<p>En cualquier caso, los usuarios pueden configurar su navegador, de manera que se deshabilite o bloquee la recepci\u00f3n de todas o algunas de las cookies. El hecho de no desear recibir estas cookies no constituye un impedimento para poder acceder a la informaci\u00f3n de los sitios web de la entidad aunque el uso de algunos servicios podr\u00e1 ser limitado. Si una vez otorgado el consentimiento para la recepci\u00f3n de cookies, se desease retirar \u00e9ste, se deber\u00e1n eliminar aquellas almacenadas en el equipo del usuario, a trav\u00e9s de las opciones de los diferentes navegadores.<\/p>\n<p>[\/et_pb_text][\/et_pb_column][\/et_pb_row][\/et_pb_section]<\/p>\n","protected":false},"excerpt":{"rendered":"<p>Responsable: HOGAR COLCHON, S.L. Finalidad y uso de cookies: Recopilar informaci\u00f3n que ayuda a optimizar la visita del usuarioBase jur\u00eddica del uso de cookies: por consentimiento del usuario, pues, el usuario puede permitir su uso o rechazarlo, o cambiar su configuraci\u00f3n siempre que lo deseeDestinatarios del tratamiento de datos a trav\u00e9s del uso de cookies: [&hellip;]<\/p>\n","protected":false},"author":1,"featured_media":0,"parent":0,"menu_order":0,"comment_status":"closed","ping_status":"closed","template":"","meta":{"_et_pb_use_builder":"on","_et_pb_old_content":"","_et_gb_content_width":"","footnotes":""},"class_list":["post-1103","page","type-page","status-publish","hentry"],"_links":{"self":[{"href":"https:\/\/www.hogarcolchon.com\/colchones-complementos-hogar\/wp-json\/wp\/v2\/pages\/1103","targetHints":{"allow":["GET"]}}],"collection":[{"href":"https:\/\/www.hogarcolchon.com\/colchones-complementos-hogar\/wp-json\/wp\/v2\/pages"}],"about":[{"href":"https:\/\/www.hogarcolchon.com\/colchones-complementos-hogar\/wp-json\/wp\/v2\/types\/page"}],"author":[{"embeddable":true,"href":"https:\/\/www.hogarcolchon.com\/colchones-complementos-hogar\/wp-json\/wp\/v2\/users\/1"}],"replies":[{"embeddable":true,"href":"https:\/\/www.hogarcolchon.com\/colchones-complementos-hogar\/wp-json\/wp\/v2\/comments?post=1103"}],"version-history":[{"count":0,"href":"https:\/\/www.hogarcolchon.com\/colchones-complementos-hogar\/wp-json\/wp\/v2\/pages\/1103\/revisions"}],"wp:attachment":[{"href":"https:\/\/www.hogarcolchon.com\/colchones-complementos-hogar\/wp-json\/wp\/v2\/media?parent=1103"}],"curies":[{"name":"wp","href":"https:\/\/api.w.org\/{rel}","templated":true}]}}