{"id":365,"date":"2016-09-05T10:44:41","date_gmt":"2016-09-05T10:44:41","guid":{"rendered":"http:\/\/www.hogarcolchon.com\/colchones-sillones\/?page_id=365"},"modified":"2024-04-13T10:47:28","modified_gmt":"2024-04-13T10:47:28","slug":"eventos","status":"publish","type":"page","link":"https:\/\/www.hogarcolchon.com\/colchones-complementos-hogar\/eventos\/","title":{"rendered":"Eventos"},"content":{"rendered":"<p>[et_pb_section fb_built=\u00bb1&#8243; fullwidth=\u00bbon\u00bb admin_label=\u00bbSecci\u00f3n\u00bb _builder_version=\u00bb4.24.3&#8243; background_color=\u00bb#ffffff\u00bb background_image=\u00bbhttps:\/\/www.hogarcolchon.com\/colchones-complementos-hogar\/wp-content\/uploads\/2024\/04\/Eventos-scaled.jpg\u00bb background_size=\u00bbcontain\u00bb background_enable_pattern_style=\u00bbon\u00bb background_pattern_style=\u00bbdiagonal-stripes-2&#8243; background_pattern_color=\u00bbRGBA(255,255,255,0)\u00bb transparent_background=\u00bboff\u00bb padding_mobile=\u00bbon\u00bb make_fullwidth=\u00bboff\u00bb use_custom_width=\u00bboff\u00bb width_unit=\u00bbon\u00bb global_colors_info=\u00bb{}\u00bb][et_pb_fullwidth_header title=\u00bb\u00a0 \u00a0 \u00a0 \u00a0 \u00a0 .\u00bb text_orientation=\u00bbcenter\u00bb content_max_width=\u00bbnone\u00bb admin_label=\u00bbT\u00edtulo de anchura completa\u00bb _builder_version=\u00bb4.24.3&#8243; background_color=\u00bbrgba(255, 255, 255, 0)\u00bb button_one_letter_spacing_hover=\u00bb0&#8243; button_two_letter_spacing_hover=\u00bb0&#8243; global_colors_info=\u00bb{}\u00bb button_one_text_size__hover_enabled=\u00bboff\u00bb button_two_text_size__hover_enabled=\u00bboff\u00bb button_one_text_color__hover_enabled=\u00bboff\u00bb button_two_text_color__hover_enabled=\u00bboff\u00bb button_one_border_width__hover_enabled=\u00bboff\u00bb button_two_border_width__hover_enabled=\u00bboff\u00bb button_one_border_color__hover_enabled=\u00bboff\u00bb button_two_border_color__hover_enabled=\u00bboff\u00bb button_one_border_radius__hover_enabled=\u00bboff\u00bb button_two_border_radius__hover_enabled=\u00bboff\u00bb button_one_letter_spacing__hover_enabled=\u00bbon\u00bb button_one_letter_spacing__hover=\u00bb0&#8243; button_two_letter_spacing__hover_enabled=\u00bbon\u00bb button_two_letter_spacing__hover=\u00bb0&#8243; button_one_bg_color__hover_enabled=\u00bboff\u00bb button_two_bg_color__hover_enabled=\u00bboff\u00bb][\/et_pb_fullwidth_header][\/et_pb_section][et_pb_section fb_built=\u00bb1&#8243; admin_label=\u00bbsection\u00bb _builder_version=\u00bb4.16&#8243; global_colors_info=\u00bb{}\u00bb][et_pb_row admin_label=\u00bbrow\u00bb _builder_version=\u00bb4.24.3&#8243; background_size=\u00bbinitial\u00bb background_position=\u00bbtop_left\u00bb background_repeat=\u00bbrepeat\u00bb global_colors_info=\u00bb{}\u00bb][et_pb_column type=\u00bb4_4&#8243; _builder_version=\u00bb4.16&#8243; custom_padding=\u00bb|||\u00bb global_colors_info=\u00bb{}\u00bb custom_padding__hover=\u00bb|||\u00bb][et_pb_text admin_label=\u00bbTexto\u00bb _builder_version=\u00bb4.24.3&#8243; text_font=\u00bbActor||||||||\u00bb text_text_color=\u00bb#FFFFFF\u00bb background_color=\u00bb#bb973e\u00bb background_size=\u00bbinitial\u00bb background_position=\u00bbtop_left\u00bb background_repeat=\u00bbrepeat\u00bb text_orientation=\u00bbjustified\u00bb custom_padding=\u00bb10px|20px|5px|20px||\u00bb use_border_color=\u00bboff\u00bb border_color=\u00bb#ffffff\u00bb border_style=\u00bbsolid\u00bb global_colors_info=\u00bb{}\u00bb]<\/p>\n<h1 class=\"et_pb_module_header et-fb-editable-element et-fb-editable-element__editing\" data-shortcode-id=\"0.0-1713003778729\" data-quickaccess-id=\"title\" contenteditable=\"true\">\u00a1Descubre los mejores eventos en Hogar Colchon!<\/h1>\n<h2><\/h2>\n<p>[\/et_pb_text][\/et_pb_column][\/et_pb_row][\/et_pb_section][et_pb_section fb_built=\u00bb1&#8243; _builder_version=\u00bb4.24.1&#8243; _module_preset=\u00bbdefault\u00bb global_colors_info=\u00bb{}\u00bb][et_pb_row column_structure=\u00bb1_2,1_2&#8243; _builder_version=\u00bb4.24.3&#8243; _module_preset=\u00bbdefault\u00bb global_colors_info=\u00bb{}\u00bb][et_pb_column type=\u00bb1_2&#8243; _builder_version=\u00bb4.24.3&#8243; _module_preset=\u00bbdefault\u00bb global_colors_info=\u00bb{}\u00bb][et_pb_image src=\u00bbhttps:\/\/www.hogarcolchon.com\/colchones-complementos-hogar\/wp-content\/uploads\/2024\/02\/imagen-cartel-hogar-colchon-1.jpg\u00bb title_text=\u00bbimagen cartel hogar colchon\u00bb _builder_version=\u00bb4.24.3&#8243; _module_preset=\u00bbdefault\u00bb global_colors_info=\u00bb{}\u00bb][\/et_pb_image][\/et_pb_column][et_pb_column type=\u00bb1_2&#8243; _builder_version=\u00bb4.24.3&#8243; _module_preset=\u00bbdefault\u00bb global_colors_info=\u00bb{}\u00bb][et_pb_toggle title=\u00bb\u00a1Encuentra el colch\u00f3n perfecto para ti!\u00bb _builder_version=\u00bb4.24.3&#8243; _module_preset=\u00bbdefault\u00bb global_colors_info=\u00bb{}\u00bb]En Hogar Colchon, sabemos lo importante que es descansar bien. Por eso, te ofrecemos una amplia selecci\u00f3n de colchones de alta calidad para que encuentres el perfecto para ti. Nuestros colchones est\u00e1n dise\u00f1ados con la \u00faltima tecnolog\u00eda para brindarte el m\u00e1ximo confort y apoyo. No importa si prefieres un colch\u00f3n firme o suave, de muelles o viscoel\u00e1stico, \u00a1tenemos el colch\u00f3n ideal para tus necesidades! Descubre la verdadera comodidad en Hogar Colchon y disfruta de un descanso reparador cada noche.[\/et_pb_toggle][et_pb_toggle title=\u00bbAhora mismo no tenemos eventos disponibles para ti\u00bb _builder_version=\u00bb4.24.3&#8243; _module_preset=\u00bbdefault\u00bb global_colors_info=\u00bb{}\u00bb]<\/p>\n<p>Ahora mismo no tenemos eventos disponibles para ti, pero en Hogar Colchon sabemos que tu descanso es lo m\u00e1s importante. Por eso, te ofrecemos una amplia selecci\u00f3n de colchones de alta calidad para que encuentres el perfecto para ti. Nuestros colchones est\u00e1n dise\u00f1ados con la \u00faltima tecnolog\u00eda para brindarte el m\u00e1ximo confort y apoyo. No importa si prefieres un colch\u00f3n firme o suave, de muelles o viscoel\u00e1stico, \u00a1tenemos el colch\u00f3n ideal para tus necesidades! Descubre la verdadera comodidad en Hogar Colchon y disfruta de un descanso reparador cada noche. \u00a1Encuentra el colch\u00f3n perfecto para ti en Hogar Colchon!<\/p>\n<p>[\/et_pb_toggle][\/et_pb_column][\/et_pb_row][\/et_pb_section]<\/p>\n","protected":false},"excerpt":{"rendered":"<p>\u00a1Descubre los mejores eventos en Hogar Colchon! En Hogar Colchon, sabemos lo importante que es descansar bien. Por eso, te ofrecemos una amplia selecci\u00f3n de colchones de alta calidad para que encuentres el perfecto para ti. Nuestros colchones est\u00e1n dise\u00f1ados con la \u00faltima tecnolog\u00eda para brindarte el m\u00e1ximo confort y apoyo. No importa si prefieres [&hellip;]<\/p>\n","protected":false},"author":1,"featured_media":0,"parent":0,"menu_order":0,"comment_status":"closed","ping_status":"closed","template":"","meta":{"_et_pb_use_builder":"on","_et_pb_old_content":"","_et_gb_content_width":"","footnotes":""},"class_list":["post-365","page","type-page","status-publish","hentry"],"_links":{"self":[{"href":"https:\/\/www.hogarcolchon.com\/colchones-complementos-hogar\/wp-json\/wp\/v2\/pages\/365","targetHints":{"allow":["GET"]}}],"collection":[{"href":"https:\/\/www.hogarcolchon.com\/colchones-complementos-hogar\/wp-json\/wp\/v2\/pages"}],"about":[{"href":"https:\/\/www.hogarcolchon.com\/colchones-complementos-hogar\/wp-json\/wp\/v2\/types\/page"}],"author":[{"embeddable":true,"href":"https:\/\/www.hogarcolchon.com\/colchones-complementos-hogar\/wp-json\/wp\/v2\/users\/1"}],"replies":[{"embeddable":true,"href":"https:\/\/www.hogarcolchon.com\/colchones-complementos-hogar\/wp-json\/wp\/v2\/comments?post=365"}],"version-history":[{"count":0,"href":"https:\/\/www.hogarcolchon.com\/colchones-complementos-hogar\/wp-json\/wp\/v2\/pages\/365\/revisions"}],"wp:attachment":[{"href":"https:\/\/www.hogarcolchon.com\/colchones-complementos-hogar\/wp-json\/wp\/v2\/media?parent=365"}],"curies":[{"name":"wp","href":"https:\/\/api.w.org\/{rel}","templated":true}]}}