{"id":1728,"date":"2021-11-19T12:31:06","date_gmt":"2021-11-19T12:31:06","guid":{"rendered":"https:\/\/www.hogarcolchon.com\/colchones-complementos-hogar\/?post_type=product&#038;p=1728"},"modified":"2024-06-19T10:56:20","modified_gmt":"2024-06-19T10:56:20","slug":"iowa-firm","status":"publish","type":"product","link":"https:\/\/www.hogarcolchon.com\/colchones-complementos-hogar\/producto\/iowa-firm\/","title":{"rendered":"Iowa Firm"},"content":{"rendered":"<ul>\n<li>Refuerzo perimetral\u00a0para poder aprovechar toda la superficie del colch\u00f3n y evitar deformaciones al sentarse en el borde del colch\u00f3n.<\/li>\n<li>Muelles ensacados individualmente(iowa firm).<\/li>\n<li>Aireadores laterales.<\/li>\n<li>Tejido de la tapa:\u00a0stretch para mejorar la capacidad de adaptaci\u00f3n de las capas de confort del colch\u00f3n<\/li>\n<li>Una sola cara para el descanso: no hace falta darle la vuelta al colch\u00f3n ya que todo el confort est\u00e1 concentrado en una sola cara.<\/li>\n<li>Contiene: Algod\u00f3n, visco<\/li>\n<li>Base del colch\u00f3n:\u00a0Poli\u00e9ster 3D para mejorar la ventilaci\u00f3n del colch\u00f3n.<\/li>\n<li>Grueso +\/- 30cm<\/li>\n<li>Medidas especiales: ancho superior +15%<\/li>\n<\/ul>\n<p><a href=\"https:\/\/www.hogarcolchon.com\/colchones-complementos-hogar\/producto\/colchon-tempur-one-firm\/\">https:\/\/www.hogarcolchon.com\/colchones-complementos-hogar\/producto\/colchon-tempur-one-firm\/<\/a><\/p>\n<ul>\n<li><strong>\u00a1PARA M\u00c1S INFORMACI\u00d3N, LL\u00c1MANOS!<\/strong><\/li>\n<li>Telf: 601207233 o 973 21 22 07 \/\/ 973 18 48 27<\/li>\n<li>Servimos los nuevos modelos de colchones Sealy.<\/li>\n<\/ul>\n","protected":false},"excerpt":{"rendered":"<p>El colch\u00f3n SEALY IOWA FIRM es un colch\u00f3n de muelles ensacados individualmente, que ofrece una buena independencia de lechos que evita las deformaciones. Est\u00e1 destinado a personas con la m\u00e1xima exigencia o con molestias de espalda, cervicales, artrosis, artritis o problemas de circulaci\u00f3n sangu\u00ednea y molestias musculares<\/p>\n","protected":false},"featured_media":5122,"comment_status":"open","ping_status":"closed","template":"","meta":{"_et_pb_use_builder":"","_et_pb_old_content":"","_et_gb_content_width":""},"product_brand":[],"product_cat":[6,11,13,30],"product_tag":[57,63,68,67,289,51,280,340,339,46],"class_list":{"0":"post-1728","1":"product","2":"type-product","3":"status-publish","4":"has-post-thumbnail","6":"product_cat-colchones","7":"product_cat-colchon-de-muelles","8":"product_cat-colchones-tempur-y-sealy","9":"product_cat-muelles-ensacados","10":"product_tag-adaptable","11":"product_tag-antialergico","12":"product_tag-antibacterias","13":"product_tag-antihongos","14":"product_tag-comodo","15":"product_tag-independencia-de-peso","16":"product_tag-muelle-ensacado","17":"product_tag-sealy","18":"product_tag-tempur","19":"product_tag-transpirable","21":"first","22":"outofstock","23":"taxable","24":"shipping-taxable","25":"product-type-variable"},"_links":{"self":[{"href":"https:\/\/www.hogarcolchon.com\/colchones-complementos-hogar\/wp-json\/wp\/v2\/product\/1728","targetHints":{"allow":["GET"]}}],"collection":[{"href":"https:\/\/www.hogarcolchon.com\/colchones-complementos-hogar\/wp-json\/wp\/v2\/product"}],"about":[{"href":"https:\/\/www.hogarcolchon.com\/colchones-complementos-hogar\/wp-json\/wp\/v2\/types\/product"}],"replies":[{"embeddable":true,"href":"https:\/\/www.hogarcolchon.com\/colchones-complementos-hogar\/wp-json\/wp\/v2\/comments?post=1728"}],"wp:featuredmedia":[{"embeddable":true,"href":"https:\/\/www.hogarcolchon.com\/colchones-complementos-hogar\/wp-json\/wp\/v2\/media\/5122"}],"wp:attachment":[{"href":"https:\/\/www.hogarcolchon.com\/colchones-complementos-hogar\/wp-json\/wp\/v2\/media?parent=1728"}],"wp:term":[{"taxonomy":"product_brand","embeddable":true,"href":"https:\/\/www.hogarcolchon.com\/colchones-complementos-hogar\/wp-json\/wp\/v2\/product_brand?post=1728"},{"taxonomy":"product_cat","embeddable":true,"href":"https:\/\/www.hogarcolchon.com\/colchones-complementos-hogar\/wp-json\/wp\/v2\/product_cat?post=1728"},{"taxonomy":"product_tag","embeddable":true,"href":"https:\/\/www.hogarcolchon.com\/colchones-complementos-hogar\/wp-json\/wp\/v2\/product_tag?post=1728"}],"curies":[{"name":"wp","href":"https:\/\/api.w.org\/{rel}","templated":true}]}}