{"id":1731,"date":"2021-11-22T16:45:40","date_gmt":"2021-11-22T16:45:40","guid":{"rendered":"https:\/\/www.hogarcolchon.com\/colchones-complementos-hogar\/?post_type=product&#038;p=1731"},"modified":"2025-11-16T18:01:25","modified_gmt":"2025-11-16T18:01:25","slug":"hybrid-essence-white","status":"publish","type":"product","link":"https:\/\/www.hogarcolchon.com\/colchones-complementos-hogar\/producto\/hybrid-essence-white\/","title":{"rendered":"Hybrid Essence White"},"content":{"rendered":"<ul>\n<li>Perimetralmente tenemos el sistema Solidedge HD, pensado para obtener una superficie amplia y estable en la que poder sentarse, dormir, acurrucarse o estirarse. base de base duradera Refuerzo perimetral SolidEdge\u2122.<\/li>\n<li>En la zona central, CoreSupport, un refuerzo del tercio central del colch\u00f3n ya que es la zona m\u00e1s expuesta al desgaste (hybrid essence white).<\/li>\n<li>Su exclusivo muelle Apex HS Coils, muelles offset de aleaci\u00f3n de titanio ensacados individualmente.<\/li>\n<li>Acolchado:<\/li>\n<li>Funda ForeverFlex\u2122 termorreguladora.<\/li>\n<li>3 cm de material confort viscoel\u00e1stico.<\/li>\n<li>5 cm de capa de soporte.<\/li>\n<li>N\u00facleo:<\/li>\n<li>17 cm Apex\u2122 HS Coils<\/li>\n<li>4 cm base de base duradera<\/li>\n<li>Grueso +\/- 30cm<\/li>\n<li>Medidas especiales: ancho superior +15%<\/li>\n<li><strong>\u00a1PARA M\u00c1S INFORMACI\u00d3N, LL\u00c1MANOS!<\/strong><\/li>\n<li>Telf: 601207233 o 973 21 22 07 \/\/ 973 18 48 27<\/li>\n<li>Servimos los nuevos modelos de colchones Sealy.<\/li>\n<\/ul>\n<p>&nbsp;<\/p>\n","protected":false},"excerpt":{"rendered":"<p>El colch\u00f3n SEALY Hybrid Essence White es un colch\u00f3n que combina el sistema de soporte Sealy\u00ae PosturePedic con los materiales de ultima tecnolog\u00eda. Esta combinaci\u00f3n ofrece un equilibrio perfecto entre soporte y confort.<\/p>\n","protected":false},"featured_media":5259,"comment_status":"open","ping_status":"closed","template":"","meta":{"_et_pb_use_builder":"","_et_pb_old_content":"","_et_gb_content_width":""},"product_brand":[],"product_cat":[6,11,13,30],"product_tag":[57,63,68,67,289,337,60,51,280,328,340,339,46],"class_list":{"0":"post-1731","1":"product","2":"type-product","3":"status-publish","4":"has-post-thumbnail","6":"product_cat-colchones","7":"product_cat-colchon-de-muelles","8":"product_cat-colchones-tempur-y-sealy","9":"product_cat-muelles-ensacados","10":"product_tag-adaptable","11":"product_tag-antialergico","12":"product_tag-antibacterias","13":"product_tag-antihongos","14":"product_tag-comodo","15":"product_tag-firme","16":"product_tag-hipoalergenico","17":"product_tag-independencia-de-peso","18":"product_tag-muelle-ensacado","19":"product_tag-recuperacion-del-sueno","20":"product_tag-sealy","21":"product_tag-tempur","22":"product_tag-transpirable","24":"first","25":"outofstock","26":"taxable","27":"shipping-taxable","28":"product-type-variable"},"_links":{"self":[{"href":"https:\/\/www.hogarcolchon.com\/colchones-complementos-hogar\/wp-json\/wp\/v2\/product\/1731","targetHints":{"allow":["GET"]}}],"collection":[{"href":"https:\/\/www.hogarcolchon.com\/colchones-complementos-hogar\/wp-json\/wp\/v2\/product"}],"about":[{"href":"https:\/\/www.hogarcolchon.com\/colchones-complementos-hogar\/wp-json\/wp\/v2\/types\/product"}],"replies":[{"embeddable":true,"href":"https:\/\/www.hogarcolchon.com\/colchones-complementos-hogar\/wp-json\/wp\/v2\/comments?post=1731"}],"wp:featuredmedia":[{"embeddable":true,"href":"https:\/\/www.hogarcolchon.com\/colchones-complementos-hogar\/wp-json\/wp\/v2\/media\/5259"}],"wp:attachment":[{"href":"https:\/\/www.hogarcolchon.com\/colchones-complementos-hogar\/wp-json\/wp\/v2\/media?parent=1731"}],"wp:term":[{"taxonomy":"product_brand","embeddable":true,"href":"https:\/\/www.hogarcolchon.com\/colchones-complementos-hogar\/wp-json\/wp\/v2\/product_brand?post=1731"},{"taxonomy":"product_cat","embeddable":true,"href":"https:\/\/www.hogarcolchon.com\/colchones-complementos-hogar\/wp-json\/wp\/v2\/product_cat?post=1731"},{"taxonomy":"product_tag","embeddable":true,"href":"https:\/\/www.hogarcolchon.com\/colchones-complementos-hogar\/wp-json\/wp\/v2\/product_tag?post=1731"}],"curies":[{"name":"wp","href":"https:\/\/api.w.org\/{rel}","templated":true}]}}