{"id":1737,"date":"2021-11-22T18:12:10","date_gmt":"2021-11-22T18:12:10","guid":{"rendered":"https:\/\/www.hogarcolchon.com\/colchones-complementos-hogar\/?post_type=product&#038;p=1737"},"modified":"2024-06-22T10:59:01","modified_gmt":"2024-06-22T10:59:01","slug":"colchon-tempur-one-firm","status":"publish","type":"product","link":"https:\/\/www.hogarcolchon.com\/colchones-complementos-hogar\/producto\/colchon-tempur-one-firm\/","title":{"rendered":"Tempur One Firm."},"content":{"rendered":"<ul>\n<li>5 cm MATERIAL TEMPUR.<\/li>\n<li>7.5cm Material Durabase Firme.<\/li>\n<li>7.5cm Material Durabase Firme.<\/li>\n<li>Amortiguaci\u00f3n de los movimientos: La capacidad de amortiguaci\u00f3n del material TEMPUR\u00ae\u00a0es tal que\u00a0no notar\u00e1 los movimientos de su pareja.<\/li>\n<li>Funda\u00a0lavable\u00a0a m\u00e1quina a 40\u00ba.<\/li>\n<li>At\u00e9rmico,\u00a0manteniendo el\u00a0colch\u00f3n mas fresco.<\/li>\n<li>Hipoalerg\u00e9nico y lleva un tratamiento antimicrobiano que evita la aparici\u00f3n de micro-organismos(Tempur One Firm).<\/li>\n<li>Compatible con bases articuladas<\/li>\n<li>15 a\u00f1os de garant\u00eda.<\/li>\n<li>Fabricado en Dinamarca.<\/li>\n<li>Grueso +\/- 20 cm<\/li>\n<\/ul>\n<p><a href=\"https:\/\/www.hogarcolchon.com\/colchones-complementos-hogar\/producto\/optimum-relax\/\">https:\/\/www.hogarcolchon.com\/colchones-complementos-hogar\/producto\/optimum-relax\/<\/a><\/p>\n<ul>\n<li><strong>\u00a1PARA M\u00c1S INFORMACI\u00d3N, LL\u00c1MANOS!<\/strong><\/li>\n<\/ul>\n","protected":false},"excerpt":{"rendered":"<p>Tempur One Firm ha desarrollado un nuevo modelo de colch\u00f3n llamado One Firm , un colch\u00f3n TEMPUR con una firmeza elevada. Su capa superior se compone de material TEMPUR\u00ae termosensible que se amolda a los contornos del cuerpo.<\/p>\n","protected":false},"featured_media":5258,"comment_status":"open","ping_status":"closed","template":"","meta":{"_et_pb_use_builder":"","_et_pb_old_content":"","_et_gb_content_width":""},"product_brand":[],"product_cat":[6,13],"product_tag":[57,63,68,67,289,51,331,328,339,46,338],"class_list":{"0":"post-1737","1":"product","2":"type-product","3":"status-publish","4":"has-post-thumbnail","6":"product_cat-colchones","7":"product_cat-colchones-tempur-y-sealy","8":"product_tag-adaptable","9":"product_tag-antialergico","10":"product_tag-antibacterias","11":"product_tag-antihongos","12":"product_tag-comodo","13":"product_tag-independencia-de-peso","14":"product_tag-nucleo-perfilado","15":"product_tag-recuperacion-del-sueno","16":"product_tag-tempur","17":"product_tag-transpirable","18":"product_tag-vsicoelastica","20":"first","21":"outofstock","22":"taxable","23":"shipping-taxable","24":"product-type-variable"},"_links":{"self":[{"href":"https:\/\/www.hogarcolchon.com\/colchones-complementos-hogar\/wp-json\/wp\/v2\/product\/1737","targetHints":{"allow":["GET"]}}],"collection":[{"href":"https:\/\/www.hogarcolchon.com\/colchones-complementos-hogar\/wp-json\/wp\/v2\/product"}],"about":[{"href":"https:\/\/www.hogarcolchon.com\/colchones-complementos-hogar\/wp-json\/wp\/v2\/types\/product"}],"replies":[{"embeddable":true,"href":"https:\/\/www.hogarcolchon.com\/colchones-complementos-hogar\/wp-json\/wp\/v2\/comments?post=1737"}],"wp:featuredmedia":[{"embeddable":true,"href":"https:\/\/www.hogarcolchon.com\/colchones-complementos-hogar\/wp-json\/wp\/v2\/media\/5258"}],"wp:attachment":[{"href":"https:\/\/www.hogarcolchon.com\/colchones-complementos-hogar\/wp-json\/wp\/v2\/media?parent=1737"}],"wp:term":[{"taxonomy":"product_brand","embeddable":true,"href":"https:\/\/www.hogarcolchon.com\/colchones-complementos-hogar\/wp-json\/wp\/v2\/product_brand?post=1737"},{"taxonomy":"product_cat","embeddable":true,"href":"https:\/\/www.hogarcolchon.com\/colchones-complementos-hogar\/wp-json\/wp\/v2\/product_cat?post=1737"},{"taxonomy":"product_tag","embeddable":true,"href":"https:\/\/www.hogarcolchon.com\/colchones-complementos-hogar\/wp-json\/wp\/v2\/product_tag?post=1737"}],"curies":[{"name":"wp","href":"https:\/\/api.w.org\/{rel}","templated":true}]}}