{"id":2423,"date":"2021-12-10T17:04:02","date_gmt":"2021-12-10T17:04:02","guid":{"rendered":"https:\/\/www.hogarcolchon.com\/colchones-complementos-hogar\/?post_type=product&#038;p=2423"},"modified":"2024-07-11T15:11:46","modified_gmt":"2024-07-11T15:11:46","slug":"almazen","status":"publish","type":"product","link":"https:\/\/www.hogarcolchon.com\/colchones-complementos-hogar\/producto\/almazen\/","title":{"rendered":"AlmaZen: 599\u20ac"},"content":{"rendered":"<ul>\n<li>Espacio y Confort en Cada Descanso \u2013 Canap\u00e9 Hogar Colch\u00f3n\n<ul>\n<li>Acabados en melamina<\/li>\n<li>Estructura en arc\u00f3n fabricada en tablero melaminico de 30 mm. Canteado en PVC.<\/li>\n<li>Patas macizas de\u00a0 haya\u00a0 lacadas a juego.<\/li>\n<li>Fondo del Canap\u00e9 de tablero de melamina de 16 mm,\u00a0 de espesor atornillado al caj\u00f3n.<\/li>\n<li>Tapa compuesta por bastidor de tubo de acero de perfil de 40 x 30 mm, con cuadro cabezal de refuerzo. Tablero de 10 mm, multiperforado fijado al marco mediante clavos de acero estriados. Tapizados con tejido de malla traspirable con base de fibra compactada.<\/li>\n<li>Tirador\/ es de haya a juego con el caj\u00f3n, atornillados a la estructura de la tapa.<\/li>\n<\/ul>\n<\/li>\n<\/ul>\n<p><a href=\"https:\/\/www.hogarcolchon.com\/colchones-complementos-hogar\/producto\/aran-desde-599e\/\">https:\/\/www.hogarcolchon.com\/colchones-complementos-hogar\/producto\/aran-desde-599e\/<\/a><\/p>\n<p>&nbsp;<\/p>\n","protected":false},"excerpt":{"rendered":"<p>Modelo AlmaZen de Hogar Colch\u00f3n: Acabados en melamina disponibles en varios colores del muestrario. Estructura de arc\u00f3n en tablero melam\u00ednico de 30mm, canteado en PVC. Patas de haya maciza lacadas a juego. Fondo de melamina de 16mm. Tapa de acero reforzado con tablero multiperforado, tapizado en tejido de malla transpirable. Incluye tiradores de haya a juego con el caj\u00f3n.<\/p>\n","protected":false},"featured_media":5081,"comment_status":"open","ping_status":"closed","template":"","meta":{"_et_pb_use_builder":"","_et_pb_old_content":"","_et_gb_content_width":""},"product_brand":[],"product_cat":[7],"product_tag":[57,326,324,289,325,286,288,327,46],"class_list":{"0":"post-2423","1":"product","2":"type-product","3":"status-publish","4":"has-post-thumbnail","6":"product_cat-canapes","7":"product_tag-adaptable","8":"product_tag-bases","9":"product_tag-canape","10":"product_tag-comodo","11":"product_tag-elegante","12":"product_tag-fuerte","13":"product_tag-madera","14":"product_tag-tapizado","15":"product_tag-transpirable","17":"first","18":"instock","19":"taxable","20":"shipping-taxable","21":"purchasable","22":"product-type-variable"},"_links":{"self":[{"href":"https:\/\/www.hogarcolchon.com\/colchones-complementos-hogar\/wp-json\/wp\/v2\/product\/2423","targetHints":{"allow":["GET"]}}],"collection":[{"href":"https:\/\/www.hogarcolchon.com\/colchones-complementos-hogar\/wp-json\/wp\/v2\/product"}],"about":[{"href":"https:\/\/www.hogarcolchon.com\/colchones-complementos-hogar\/wp-json\/wp\/v2\/types\/product"}],"replies":[{"embeddable":true,"href":"https:\/\/www.hogarcolchon.com\/colchones-complementos-hogar\/wp-json\/wp\/v2\/comments?post=2423"}],"wp:featuredmedia":[{"embeddable":true,"href":"https:\/\/www.hogarcolchon.com\/colchones-complementos-hogar\/wp-json\/wp\/v2\/media\/5081"}],"wp:attachment":[{"href":"https:\/\/www.hogarcolchon.com\/colchones-complementos-hogar\/wp-json\/wp\/v2\/media?parent=2423"}],"wp:term":[{"taxonomy":"product_brand","embeddable":true,"href":"https:\/\/www.hogarcolchon.com\/colchones-complementos-hogar\/wp-json\/wp\/v2\/product_brand?post=2423"},{"taxonomy":"product_cat","embeddable":true,"href":"https:\/\/www.hogarcolchon.com\/colchones-complementos-hogar\/wp-json\/wp\/v2\/product_cat?post=2423"},{"taxonomy":"product_tag","embeddable":true,"href":"https:\/\/www.hogarcolchon.com\/colchones-complementos-hogar\/wp-json\/wp\/v2\/product_tag?post=2423"}],"curies":[{"name":"wp","href":"https:\/\/api.w.org\/{rel}","templated":true}]}}