{"id":3201,"date":"2022-03-08T11:44:14","date_gmt":"2022-03-08T11:44:14","guid":{"rendered":"https:\/\/www.hogarcolchon.com\/colchones-complementos-hogar\/?post_type=product&#038;p=3201"},"modified":"2024-07-06T07:08:31","modified_gmt":"2024-07-06T07:08:31","slug":"almohada-viscoelastica-premium","status":"publish","type":"product","link":"https:\/\/www.hogarcolchon.com\/colchones-complementos-hogar\/producto\/almohada-viscoelastica-premium\/","title":{"rendered":"Almohada Viscoel\u00e1stica Premium. Desde: 69\u20ac"},"content":{"rendered":"<ul>\n<li>Relleno: Viscoel\u00e1stia Premium.<\/li>\n<li>Tejido Funda: Strech alo\u00ebvera + 3D transpirable .<\/li>\n<li>Tejido interior: Punto el\u00e1stico algod\u00f3n .<\/li>\n<li>Tratamiento: Anti-\u00e1caros.<\/li>\n<li>Cualidades: Doble cara, confort cervical<\/li>\n<li>Mantenimiento: Lavable 40\u00ba.<\/li>\n<li>Presentaci\u00f3n: Estuche + flyer.<\/li>\n<li>Fabricado en Espa\u00f1a<\/li>\n<\/ul>\n<p><a href=\"https:\/\/www.hogarcolchon.com\/colchones-complementos-hogar\/producto\/almohada-antialergica\/\">https:\/\/www.hogarcolchon.com\/colchones-complementos-hogar\/producto\/almohada-antialergica\/<\/a><\/p>\n","protected":false},"excerpt":{"rendered":"<p>La almohada Viscoel\u00e1stica Premium de Hogar Colch\u00f3n, te sirve para invierno, con una cara de tejido antibacteriano strech Aloe Vera; y para verano, con otra cara de tejido 3D s\u00faper transpirable. Su n\u00facleo de Viscoel\u00e1stica Premium garantiza una perfecta adaptabilidad y acogida termosensible de cabeza, cuello y cervicales eliminando por completo los puntos de presi\u00f3n.<\/p>\n","protected":false},"featured_media":3864,"comment_status":"open","ping_status":"closed","template":"","meta":{"_et_pb_use_builder":"","_et_pb_old_content":"","_et_gb_content_width":""},"product_brand":[],"product_cat":[226,9],"product_tag":[],"class_list":{"0":"post-3201","1":"product","2":"type-product","3":"status-publish","4":"has-post-thumbnail","6":"product_cat-almohadas","7":"product_cat-complementos","9":"first","10":"instock","11":"taxable","12":"shipping-taxable","13":"purchasable","14":"product-type-variable"},"_links":{"self":[{"href":"https:\/\/www.hogarcolchon.com\/colchones-complementos-hogar\/wp-json\/wp\/v2\/product\/3201","targetHints":{"allow":["GET"]}}],"collection":[{"href":"https:\/\/www.hogarcolchon.com\/colchones-complementos-hogar\/wp-json\/wp\/v2\/product"}],"about":[{"href":"https:\/\/www.hogarcolchon.com\/colchones-complementos-hogar\/wp-json\/wp\/v2\/types\/product"}],"replies":[{"embeddable":true,"href":"https:\/\/www.hogarcolchon.com\/colchones-complementos-hogar\/wp-json\/wp\/v2\/comments?post=3201"}],"wp:featuredmedia":[{"embeddable":true,"href":"https:\/\/www.hogarcolchon.com\/colchones-complementos-hogar\/wp-json\/wp\/v2\/media\/3864"}],"wp:attachment":[{"href":"https:\/\/www.hogarcolchon.com\/colchones-complementos-hogar\/wp-json\/wp\/v2\/media?parent=3201"}],"wp:term":[{"taxonomy":"product_brand","embeddable":true,"href":"https:\/\/www.hogarcolchon.com\/colchones-complementos-hogar\/wp-json\/wp\/v2\/product_brand?post=3201"},{"taxonomy":"product_cat","embeddable":true,"href":"https:\/\/www.hogarcolchon.com\/colchones-complementos-hogar\/wp-json\/wp\/v2\/product_cat?post=3201"},{"taxonomy":"product_tag","embeddable":true,"href":"https:\/\/www.hogarcolchon.com\/colchones-complementos-hogar\/wp-json\/wp\/v2\/product_tag?post=3201"}],"curies":[{"name":"wp","href":"https:\/\/api.w.org\/{rel}","templated":true}]}}