{"id":3211,"date":"2022-03-08T16:08:11","date_gmt":"2022-03-08T16:08:11","guid":{"rendered":"https:\/\/www.hogarcolchon.com\/colchones-complementos-hogar\/?post_type=product&#038;p=3211"},"modified":"2023-06-18T16:58:54","modified_gmt":"2023-06-18T16:58:54","slug":"almohada-visco-gel","status":"publish","type":"product","link":"https:\/\/www.hogarcolchon.com\/colchones-complementos-hogar\/producto\/almohada-visco-gel\/","title":{"rendered":"Almohada Visco Gel. Desde: 50\u20ac"},"content":{"rendered":"<ul>\n<li>Relleno: Viscoel\u00e1stia Gel perforada(Almohada Visco Gel.) .<\/li>\n<li>Tejido Funda: Strech alo\u00ebvera + 3D transpirable .<\/li>\n<li>Tejido interior: Punto el\u00e1stico algod\u00f3n .<\/li>\n<li>Tratamiento: Anti-\u00e1caros.<\/li>\n<li>Cualidades: Evita sudor, transmite frescor.<\/li>\n<li>Mantenimiento: Lavable 40\u00ba.<\/li>\n<li>Presentaci\u00f3n: Estuche + flyer.<\/li>\n<li>Fabricado en Espa\u00f1a<\/li>\n<\/ul>\n<p><a href=\"https:\/\/www.hogarcolchon.com\/colchones-complementos-hogar\/producto\/almohada-de-carbono\/\">https:\/\/www.hogarcolchon.com\/colchones-complementos-hogar\/producto\/almohada-de-carbono\/<\/a><\/p>\n","protected":false},"excerpt":{"rendered":"<p>La almohada viscogel de Hogar Colch\u00f3n, aporta un n\u00facleo de viscoel\u00e1stica con part\u00edculas de Gel el cual garantiza una adaptabilidad y acogida termosensible id\u00f3neas para cabeza, cuello y cervicales eliminando por completo los puntos de presi\u00f3n.<\/p>\n","protected":false},"featured_media":3863,"comment_status":"open","ping_status":"closed","template":"","meta":{"_et_pb_use_builder":"","_et_pb_old_content":"","_et_gb_content_width":""},"product_brand":[],"product_cat":[226,9,203],"product_tag":[],"class_list":{"0":"post-3211","1":"product","2":"type-product","3":"status-publish","4":"has-post-thumbnail","6":"product_cat-almohadas","7":"product_cat-complementos","8":"product_cat-productos-destacados","10":"first","11":"instock","12":"taxable","13":"shipping-taxable","14":"purchasable","15":"product-type-variable"},"_links":{"self":[{"href":"https:\/\/www.hogarcolchon.com\/colchones-complementos-hogar\/wp-json\/wp\/v2\/product\/3211","targetHints":{"allow":["GET"]}}],"collection":[{"href":"https:\/\/www.hogarcolchon.com\/colchones-complementos-hogar\/wp-json\/wp\/v2\/product"}],"about":[{"href":"https:\/\/www.hogarcolchon.com\/colchones-complementos-hogar\/wp-json\/wp\/v2\/types\/product"}],"replies":[{"embeddable":true,"href":"https:\/\/www.hogarcolchon.com\/colchones-complementos-hogar\/wp-json\/wp\/v2\/comments?post=3211"}],"wp:featuredmedia":[{"embeddable":true,"href":"https:\/\/www.hogarcolchon.com\/colchones-complementos-hogar\/wp-json\/wp\/v2\/media\/3863"}],"wp:attachment":[{"href":"https:\/\/www.hogarcolchon.com\/colchones-complementos-hogar\/wp-json\/wp\/v2\/media?parent=3211"}],"wp:term":[{"taxonomy":"product_brand","embeddable":true,"href":"https:\/\/www.hogarcolchon.com\/colchones-complementos-hogar\/wp-json\/wp\/v2\/product_brand?post=3211"},{"taxonomy":"product_cat","embeddable":true,"href":"https:\/\/www.hogarcolchon.com\/colchones-complementos-hogar\/wp-json\/wp\/v2\/product_cat?post=3211"},{"taxonomy":"product_tag","embeddable":true,"href":"https:\/\/www.hogarcolchon.com\/colchones-complementos-hogar\/wp-json\/wp\/v2\/product_tag?post=3211"}],"curies":[{"name":"wp","href":"https:\/\/api.w.org\/{rel}","templated":true}]}}