{"id":3221,"date":"2022-03-08T16:18:01","date_gmt":"2022-03-08T16:18:01","guid":{"rendered":"https:\/\/www.hogarcolchon.com\/colchones-complementos-hogar\/?post_type=product&#038;p=3221"},"modified":"2023-06-18T17:43:02","modified_gmt":"2023-06-18T17:43:02","slug":"almohada-antialergica","status":"publish","type":"product","link":"https:\/\/www.hogarcolchon.com\/colchones-complementos-hogar\/producto\/almohada-antialergica\/","title":{"rendered":"Almohada Antial\u00e9rgica. Desde: 65\u20ac"},"content":{"rendered":"<ul>\n<li>Relleno: Fibra hueca de Kapok (fruto del arbol).<\/li>\n<li>Tejido Funda: 100% algod\u00f3n acabado en ribete marr\u00f3n.<\/li>\n<li>Tejido interior: 100% algod\u00f3n .<\/li>\n<li>Tratamiento: Anti-\u00e1caros.<\/li>\n<li>Cualidades: Producto vegano (Almohada Antial\u00e9rgica).<\/li>\n<li>Mantenimiento: Lavable 40\u00ba.<\/li>\n<li>Presentaci\u00f3n: Bolsa confeccionada.<\/li>\n<li>Fabricado en Espa\u00f1a<\/li>\n<\/ul>\n<p><a href=\"https:\/\/www.hogarcolchon.com\/colchones-complementos-hogar\/producto\/almohada-visco-gel\/\">https:\/\/www.hogarcolchon.com\/colchones-complementos-hogar\/producto\/almohada-visco-gel\/<\/a><\/p>\n<p>&nbsp;<\/p>\n","protected":false},"excerpt":{"rendered":"<p>La almohada Antial\u00e9rgica de Hogar Colch\u00f3n, siente y disfruta de un descanso 100% natural kapok. Elaborada con fibra extra\u00edda directamente del \u00e1rbol que da nombre a este modelo, es totalmente reciclable y supe confortable.<\/p>\n","protected":false},"featured_media":3862,"comment_status":"open","ping_status":"closed","template":"","meta":{"_et_pb_use_builder":"","_et_pb_old_content":"","_et_gb_content_width":""},"product_brand":[],"product_cat":[9,226,203],"product_tag":[],"class_list":{"0":"post-3221","1":"product","2":"type-product","3":"status-publish","4":"has-post-thumbnail","6":"product_cat-complementos","7":"product_cat-almohadas","8":"product_cat-productos-destacados","10":"first","11":"instock","12":"taxable","13":"shipping-taxable","14":"purchasable","15":"product-type-variable"},"_links":{"self":[{"href":"https:\/\/www.hogarcolchon.com\/colchones-complementos-hogar\/wp-json\/wp\/v2\/product\/3221","targetHints":{"allow":["GET"]}}],"collection":[{"href":"https:\/\/www.hogarcolchon.com\/colchones-complementos-hogar\/wp-json\/wp\/v2\/product"}],"about":[{"href":"https:\/\/www.hogarcolchon.com\/colchones-complementos-hogar\/wp-json\/wp\/v2\/types\/product"}],"replies":[{"embeddable":true,"href":"https:\/\/www.hogarcolchon.com\/colchones-complementos-hogar\/wp-json\/wp\/v2\/comments?post=3221"}],"wp:featuredmedia":[{"embeddable":true,"href":"https:\/\/www.hogarcolchon.com\/colchones-complementos-hogar\/wp-json\/wp\/v2\/media\/3862"}],"wp:attachment":[{"href":"https:\/\/www.hogarcolchon.com\/colchones-complementos-hogar\/wp-json\/wp\/v2\/media?parent=3221"}],"wp:term":[{"taxonomy":"product_brand","embeddable":true,"href":"https:\/\/www.hogarcolchon.com\/colchones-complementos-hogar\/wp-json\/wp\/v2\/product_brand?post=3221"},{"taxonomy":"product_cat","embeddable":true,"href":"https:\/\/www.hogarcolchon.com\/colchones-complementos-hogar\/wp-json\/wp\/v2\/product_cat?post=3221"},{"taxonomy":"product_tag","embeddable":true,"href":"https:\/\/www.hogarcolchon.com\/colchones-complementos-hogar\/wp-json\/wp\/v2\/product_tag?post=3221"}],"curies":[{"name":"wp","href":"https:\/\/api.w.org\/{rel}","templated":true}]}}