{"id":3246,"date":"2022-03-08T17:35:54","date_gmt":"2022-03-08T17:35:54","guid":{"rendered":"https:\/\/www.hogarcolchon.com\/colchones-complementos-hogar\/?post_type=product&#038;p=3246"},"modified":"2024-11-10T21:01:33","modified_gmt":"2024-11-10T21:01:33","slug":"relleno-nordico-400-gramos","status":"publish","type":"product","link":"https:\/\/www.hogarcolchon.com\/colchones-complementos-hogar\/producto\/relleno-nordico-400-gramos\/","title":{"rendered":"Relleno N\u00f3rdico 400 gramos. Desde: 52\u20ac"},"content":{"rendered":"<ul>\n<li>Relleno: Fibra HC\/HCSiliconada conjugada (Relleno N\u00f3rdico 400 gramos)<\/li>\n<li>Gramaje: 400 gramos.<\/li>\n<li>Tejido: Microfibra tacto seda<\/li>\n<li>Tratamiento: Anti-\u00e1caros.<\/li>\n<li>Cualidades: Cosido a cuadros.<\/li>\n<li>Mantenimiento: Lavable 40\u00ba.<\/li>\n<li>Presentaci\u00f3n: Estuche + flyer.<\/li>\n<li>Fabricado en Espa\u00f1a<\/li>\n<\/ul>\n<p><a href=\"https:\/\/www.hogarcolchon.com\/colchones-complementos-hogar\/producto\/hogar-colchon-topper-visco\/\">https:\/\/www.hogarcolchon.com\/colchones-complementos-hogar\/producto\/hogar-colchon-topper-visco\/<\/a><\/p>\n<p>&nbsp;<\/p>\n<p>&nbsp;<\/p>\n","protected":false},"excerpt":{"rendered":"<p>Relleno N\u00f3rdico 400 gramos de fibra siliconada conjugada, ofrece un grado de protecci\u00f3n t\u00e9rmica superior, siendo m\u00e1s apropiado en zonas m\u00e1s fr\u00edas. Facilita los movimientos en el descanso.<\/p>\n","protected":false},"featured_media":3236,"comment_status":"open","ping_status":"closed","template":"","meta":{"_et_pb_use_builder":"","_et_pb_old_content":"","_et_gb_content_width":""},"product_brand":[],"product_cat":[10,227],"product_tag":[],"class_list":{"0":"post-3246","1":"product","2":"type-product","3":"status-publish","4":"has-post-thumbnail","6":"product_cat-ropa-de-cama","7":"product_cat-rellenos-nordicos","9":"first","10":"instock","11":"taxable","12":"shipping-taxable","13":"purchasable","14":"product-type-variable"},"_links":{"self":[{"href":"https:\/\/www.hogarcolchon.com\/colchones-complementos-hogar\/wp-json\/wp\/v2\/product\/3246","targetHints":{"allow":["GET"]}}],"collection":[{"href":"https:\/\/www.hogarcolchon.com\/colchones-complementos-hogar\/wp-json\/wp\/v2\/product"}],"about":[{"href":"https:\/\/www.hogarcolchon.com\/colchones-complementos-hogar\/wp-json\/wp\/v2\/types\/product"}],"replies":[{"embeddable":true,"href":"https:\/\/www.hogarcolchon.com\/colchones-complementos-hogar\/wp-json\/wp\/v2\/comments?post=3246"}],"wp:featuredmedia":[{"embeddable":true,"href":"https:\/\/www.hogarcolchon.com\/colchones-complementos-hogar\/wp-json\/wp\/v2\/media\/3236"}],"wp:attachment":[{"href":"https:\/\/www.hogarcolchon.com\/colchones-complementos-hogar\/wp-json\/wp\/v2\/media?parent=3246"}],"wp:term":[{"taxonomy":"product_brand","embeddable":true,"href":"https:\/\/www.hogarcolchon.com\/colchones-complementos-hogar\/wp-json\/wp\/v2\/product_brand?post=3246"},{"taxonomy":"product_cat","embeddable":true,"href":"https:\/\/www.hogarcolchon.com\/colchones-complementos-hogar\/wp-json\/wp\/v2\/product_cat?post=3246"},{"taxonomy":"product_tag","embeddable":true,"href":"https:\/\/www.hogarcolchon.com\/colchones-complementos-hogar\/wp-json\/wp\/v2\/product_tag?post=3246"}],"curies":[{"name":"wp","href":"https:\/\/api.w.org\/{rel}","templated":true}]}}