{"id":3279,"date":"2022-03-09T09:51:39","date_gmt":"2022-03-09T09:51:39","guid":{"rendered":"https:\/\/www.hogarcolchon.com\/colchones-complementos-hogar\/?post_type=product&#038;p=3279"},"modified":"2023-10-29T11:13:29","modified_gmt":"2023-10-29T11:13:29","slug":"almohada-cervical","status":"publish","type":"product","link":"https:\/\/www.hogarcolchon.com\/colchones-complementos-hogar\/producto\/almohada-cervical\/","title":{"rendered":"Almohada Cervical. Desde: 59\u20ac"},"content":{"rendered":"<ul>\n<li>Relleno: Viscol\u00e1stica Premium(Almohada Cervical).<\/li>\n<li>Tejido Funda: Strech alo\u00ebvera + 3D transpirable .<\/li>\n<li>Tejido interior: Punto el\u00e1stico algod\u00f3n.<\/li>\n<li>Tratamiento: Anti-\u00e1caros.<\/li>\n<li>Ergon\u00f3mico.<\/li>\n<li>Cualidades: \u00a0Especializada zona cervical, alivio de presi\u00f3n.<\/li>\n<li>Mantenimiento: Lavable 40\u00ba.<\/li>\n<li>Presentaci\u00f3n: Bolsa<\/li>\n<li>Fabricado en Espa\u00f1a<\/li>\n<\/ul>\n<p><a href=\"https:\/\/www.hogarcolchon.com\/colchones-complementos-hogar\/producto\/almohada-visco-gel\/\">https:\/\/www.hogarcolchon.com\/colchones-complementos-hogar\/producto\/almohada-visco-gel\/<\/a><\/p>\n","protected":false},"excerpt":{"rendered":"<p>La almohada cervical de Hogar Colch\u00f3n, aporta un n\u00facleo de viscoel\u00e1stica premium que\u00a0 garantiza una adaptabilidad y acogida sensible id\u00f3neas para cabeza, cuello y cervicales eliminando por completo los puntos de presi\u00f3n.<\/p>\n","protected":false},"featured_media":3737,"comment_status":"open","ping_status":"closed","template":"","meta":{"_et_pb_use_builder":"","_et_pb_old_content":"","_et_gb_content_width":""},"product_brand":[],"product_cat":[226,9],"product_tag":[],"class_list":{"0":"post-3279","1":"product","2":"type-product","3":"status-publish","4":"has-post-thumbnail","6":"product_cat-almohadas","7":"product_cat-complementos","9":"first","10":"instock","11":"taxable","12":"shipping-taxable","13":"purchasable","14":"product-type-variable"},"_links":{"self":[{"href":"https:\/\/www.hogarcolchon.com\/colchones-complementos-hogar\/wp-json\/wp\/v2\/product\/3279","targetHints":{"allow":["GET"]}}],"collection":[{"href":"https:\/\/www.hogarcolchon.com\/colchones-complementos-hogar\/wp-json\/wp\/v2\/product"}],"about":[{"href":"https:\/\/www.hogarcolchon.com\/colchones-complementos-hogar\/wp-json\/wp\/v2\/types\/product"}],"replies":[{"embeddable":true,"href":"https:\/\/www.hogarcolchon.com\/colchones-complementos-hogar\/wp-json\/wp\/v2\/comments?post=3279"}],"wp:featuredmedia":[{"embeddable":true,"href":"https:\/\/www.hogarcolchon.com\/colchones-complementos-hogar\/wp-json\/wp\/v2\/media\/3737"}],"wp:attachment":[{"href":"https:\/\/www.hogarcolchon.com\/colchones-complementos-hogar\/wp-json\/wp\/v2\/media?parent=3279"}],"wp:term":[{"taxonomy":"product_brand","embeddable":true,"href":"https:\/\/www.hogarcolchon.com\/colchones-complementos-hogar\/wp-json\/wp\/v2\/product_brand?post=3279"},{"taxonomy":"product_cat","embeddable":true,"href":"https:\/\/www.hogarcolchon.com\/colchones-complementos-hogar\/wp-json\/wp\/v2\/product_cat?post=3279"},{"taxonomy":"product_tag","embeddable":true,"href":"https:\/\/www.hogarcolchon.com\/colchones-complementos-hogar\/wp-json\/wp\/v2\/product_tag?post=3279"}],"curies":[{"name":"wp","href":"https:\/\/api.w.org\/{rel}","templated":true}]}}