{"id":3973,"date":"2022-06-25T19:44:25","date_gmt":"2022-06-25T19:44:25","guid":{"rendered":"https:\/\/www.hogarcolchon.com\/colchones-complementos-hogar\/?post_type=product&#038;p=3973"},"modified":"2024-06-24T14:34:23","modified_gmt":"2024-06-24T14:34:23","slug":"ecocomfort","status":"publish","type":"product","link":"https:\/\/www.hogarcolchon.com\/colchones-complementos-hogar\/producto\/ecocomfort\/","title":{"rendered":"EcoComfort\u00a0. Desde: 679\u20ac"},"content":{"rendered":"<ul>\n<li><strong>Tejido Natural<\/strong> 450gr\/m2 (EcoComfort)<\/li>\n<li><strong>Hr Extra-Suave.<\/strong><\/li>\n<li><strong>N\u00facleo<\/strong> espuma viscoel\u00e1stica de alta densidad de tacto suave, que proporciona niveles excepcionales de descanso y confort.<\/li>\n<li><strong>Tejido 3D<\/strong><\/li>\n<li><strong>Funda interior<\/strong><\/li>\n<li><strong>Grueso +\/-:<\/strong> 20 cm.<\/li>\n<li><strong>Fabricado en Espa\u00f1a<\/strong><\/li>\n<\/ul>\n<p><strong>Obtienes:<\/strong><\/p>\n<p class=\"_04xlpA direction-ltr align-start para-style-body\"><span class=\"WdYUQQ\"><strong>Respeta al medio ambiente:<\/strong> <\/span><span class=\"WdYUQQ\">(certificado GRS Global Recicled Standard)<\/span> <span class=\"WdYUQQ\">Beneficia la salud y el bienestar de las personas con sensibilidad qu\u00edmica..<\/span><\/p>\n<p class=\"_04xlpA direction-ltr align-start para-style-body\"><strong><span class=\"WdYUQQ\">Durabilidad: <\/span><\/strong><span class=\"WdYUQQ\">(Ecol\u00f3gico)<\/span> <span class=\"WdYUQQ\">M\u00e1s duraderos y resistentes<\/span><\/p>\n<p class=\"_04xlpA direction-ltr align-start para-style-body\"><strong><span class=\"WdYUQQ\">Confort<\/span><span class=\"WdYUQQ\">: <\/span><\/strong><span class=\"WdYUQQ\">(Hr-Extra-suave)<\/span><span class=\"WdYUQQ\"> Alto nivel de confort y tecnolog\u00edas avanzadas de fabricaci\u00f3n.<\/span><\/p>\n<p class=\"_04xlpA direction-ltr align-start para-style-body\"><strong><span class=\"WdYUQQ\">Higiene y salud: <\/span><\/strong><span class=\"WdYUQQ\">(Tejido compuesto por hilos ecol\u00f3gicos y sostenibles)<\/span> <span class=\"WdYUQQ\">Materiales naturales y org\u00e1nicos, reduce las alergias y las reacciones al\u00e9rgicas.<\/span><\/p>\n<p><a href=\"https:\/\/www.hogarcolchon.com\/colchones-complementos-hogar\/producto\/hogar-colchon-hr-ecologico\/\">https:\/\/www.hogarcolchon.com\/colchones-complementos-hogar\/producto\/hogar-colchon-hr-ecologico\/<\/a><\/p>\n","protected":false},"excerpt":{"rendered":"<p>EcoComfort combina tejido ecol\u00f3gico de 450 gr\/m2, n\u00facleo de espuma viscoel\u00e1stica de alta densidad y HR t\u00e9cnico extra-suave para un descanso incomparable. Con tejido 3D y funda interior, ofrece confort, durabilidad y sostenibilidad.<\/p>\n","protected":false},"featured_media":5114,"comment_status":"open","ping_status":"closed","template":"","meta":{"_et_pb_use_builder":"","_et_pb_old_content":"","_et_gb_content_width":""},"product_brand":[],"product_cat":[6,16,77],"product_tag":[57,63,68,67,289,51,331,46],"class_list":{"0":"post-3973","1":"product","2":"type-product","3":"status-publish","4":"has-post-thumbnail","6":"product_cat-colchones","7":"product_cat-colchones-de-viscoelastica-con-nucleo-hr","8":"product_cat-colchones-ecologicos-cetificado","9":"product_tag-adaptable","10":"product_tag-antialergico","11":"product_tag-antibacterias","12":"product_tag-antihongos","13":"product_tag-comodo","14":"product_tag-independencia-de-peso","15":"product_tag-nucleo-perfilado","16":"product_tag-transpirable","18":"first","19":"instock","20":"taxable","21":"shipping-taxable","22":"purchasable","23":"product-type-variable"},"_links":{"self":[{"href":"https:\/\/www.hogarcolchon.com\/colchones-complementos-hogar\/wp-json\/wp\/v2\/product\/3973","targetHints":{"allow":["GET"]}}],"collection":[{"href":"https:\/\/www.hogarcolchon.com\/colchones-complementos-hogar\/wp-json\/wp\/v2\/product"}],"about":[{"href":"https:\/\/www.hogarcolchon.com\/colchones-complementos-hogar\/wp-json\/wp\/v2\/types\/product"}],"replies":[{"embeddable":true,"href":"https:\/\/www.hogarcolchon.com\/colchones-complementos-hogar\/wp-json\/wp\/v2\/comments?post=3973"}],"wp:featuredmedia":[{"embeddable":true,"href":"https:\/\/www.hogarcolchon.com\/colchones-complementos-hogar\/wp-json\/wp\/v2\/media\/5114"}],"wp:attachment":[{"href":"https:\/\/www.hogarcolchon.com\/colchones-complementos-hogar\/wp-json\/wp\/v2\/media?parent=3973"}],"wp:term":[{"taxonomy":"product_brand","embeddable":true,"href":"https:\/\/www.hogarcolchon.com\/colchones-complementos-hogar\/wp-json\/wp\/v2\/product_brand?post=3973"},{"taxonomy":"product_cat","embeddable":true,"href":"https:\/\/www.hogarcolchon.com\/colchones-complementos-hogar\/wp-json\/wp\/v2\/product_cat?post=3973"},{"taxonomy":"product_tag","embeddable":true,"href":"https:\/\/www.hogarcolchon.com\/colchones-complementos-hogar\/wp-json\/wp\/v2\/product_tag?post=3973"}],"curies":[{"name":"wp","href":"https:\/\/api.w.org\/{rel}","templated":true}]}}