{"id":42,"date":"2016-09-01T09:59:37","date_gmt":"2016-09-01T09:59:37","guid":{"rendered":"http:\/\/www.hogarcolchon.com\/colchones-sillones\/?post_type=product&#038;p=42"},"modified":"2022-05-18T17:48:47","modified_gmt":"2022-05-18T17:48:47","slug":"colchon-nature","status":"publish","type":"product","link":"https:\/\/www.hogarcolchon.com\/colchones-complementos-hogar\/producto\/colchon-nature\/","title":{"rendered":"Colch\u00f3n Nature. Desde: 199\u20ac"},"content":{"rendered":"<ul>\n<li>Tejido strech 40% fibra natural con tencel.<\/li>\n<li>N\u00facleo de fibras 2000 gr\/m3.<\/li>\n<li>Certificado OKO-TEX est\u00e1ndard 100% de \u00abart\u00edculos de beb\u00e9\u201d.<\/li>\n<li>Antihumedad 100% transpirable y antiasfixia.<\/li>\n<li>Medidas: 58x118x11 cm.<\/li>\n<li>Grosor +\/-: 10 cm<\/li>\n<li>Fabricado en Espa\u00f1a<\/li>\n<\/ul>\n<p><a href=\"https:\/\/www.hogarcolchon.com\/colchones-complementos-hogar\/producto\/colchon-mini\/\">https:\/\/www.hogarcolchon.com\/colchones-complementos-hogar\/producto\/colchon-mini\/<\/a><\/p>\n<p><img decoding=\"async\" class=\"alignnone wp-image-842 lazyload\" data-src=\"https:\/\/www.hogarcolchon.com\/colchones-complementos-hogar\/wp-content\/uploads\/2016\/11\/Tencel.jpg\" alt=\"tencel\" width=\"67\" height=\"65\" src=\"data:image\/svg+xml;base64,PHN2ZyB3aWR0aD0iMSIgaGVpZ2h0PSIxIiB4bWxucz0iaHR0cDovL3d3dy53My5vcmcvMjAwMC9zdmciPjwvc3ZnPg==\" style=\"--smush-placeholder-width: 67px; --smush-placeholder-aspect-ratio: 67\/65;\" \/><strong>Tencel<\/strong><\/p>\n<p>Es la fibra celul\u00f3sica m\u00e1s respetuosa con el medio ambiente disponible actualmente. Se produce exclusivamente a partir de la pulpa de madera de \u00e1rboles de eucalipto.<\/p>\n<p><strong>Fabricaci\u00f3n Artesanal<\/strong><\/p>\n<p>El colch\u00f3n Nature dispone de unos niveles de acabado que est\u00e1n por encima de la media, <strong>combinando excepcionalmente y con elegancia dise\u00f1o, confort, tecnolog\u00eda y materiales naturales seleccionados.<\/strong><\/p>\n<p><strong>Tratamiento Sanitized<\/strong><\/p>\n<p>Evita el deterioro del colch\u00f3n y lo protege de hongos y bacterias.<\/p>\n<p><strong>Fabricado sin Sustancias T\u00f3xicas<\/strong><\/p>\n<p><strong>No se han usado sustancias nocivas en la fabricaci\u00f3n del tejido<\/strong>, quedando esto certificado por el sello ecol\u00f3gico y de salud Oeko-Tex\u00ae Standard 100.<\/p>\n<p><strong>Altura Colch\u00f3n 10CM<\/strong><\/p>\n","protected":false},"excerpt":{"rendered":"<p>El colch\u00f3n Nature Baby de Hogar Colch\u00f3n esta compuesto por un n\u00facleo de fibras naturales con tencel. Proporciona el descanso tranquilo a su bebe gracias a sus propiedades de anti humedad, transpiraci\u00f3n y anti asfixia<\/p>\n","protected":false},"featured_media":3601,"comment_status":"open","ping_status":"closed","template":"","meta":{"_et_pb_use_builder":"","_et_pb_old_content":"","_et_gb_content_width":""},"product_brand":[],"product_cat":[6,12],"product_tag":[61,62,46],"class_list":{"0":"post-42","1":"product","2":"type-product","3":"status-publish","4":"has-post-thumbnail","6":"product_cat-colchones","7":"product_cat-colchones-para-bebe","8":"product_tag-antiasfixia","9":"product_tag-antihumedad","10":"product_tag-transpirable","12":"first","13":"instock","14":"taxable","15":"shipping-taxable","16":"purchasable","17":"product-type-simple"},"_links":{"self":[{"href":"https:\/\/www.hogarcolchon.com\/colchones-complementos-hogar\/wp-json\/wp\/v2\/product\/42","targetHints":{"allow":["GET"]}}],"collection":[{"href":"https:\/\/www.hogarcolchon.com\/colchones-complementos-hogar\/wp-json\/wp\/v2\/product"}],"about":[{"href":"https:\/\/www.hogarcolchon.com\/colchones-complementos-hogar\/wp-json\/wp\/v2\/types\/product"}],"replies":[{"embeddable":true,"href":"https:\/\/www.hogarcolchon.com\/colchones-complementos-hogar\/wp-json\/wp\/v2\/comments?post=42"}],"wp:featuredmedia":[{"embeddable":true,"href":"https:\/\/www.hogarcolchon.com\/colchones-complementos-hogar\/wp-json\/wp\/v2\/media\/3601"}],"wp:attachment":[{"href":"https:\/\/www.hogarcolchon.com\/colchones-complementos-hogar\/wp-json\/wp\/v2\/media?parent=42"}],"wp:term":[{"taxonomy":"product_brand","embeddable":true,"href":"https:\/\/www.hogarcolchon.com\/colchones-complementos-hogar\/wp-json\/wp\/v2\/product_brand?post=42"},{"taxonomy":"product_cat","embeddable":true,"href":"https:\/\/www.hogarcolchon.com\/colchones-complementos-hogar\/wp-json\/wp\/v2\/product_cat?post=42"},{"taxonomy":"product_tag","embeddable":true,"href":"https:\/\/www.hogarcolchon.com\/colchones-complementos-hogar\/wp-json\/wp\/v2\/product_tag?post=42"}],"curies":[{"name":"wp","href":"https:\/\/api.w.org\/{rel}","templated":true}]}}