{"id":4288,"date":"2023-08-24T10:09:27","date_gmt":"2023-08-24T10:09:27","guid":{"rendered":"https:\/\/www.hogarcolchon.com\/colchones-complementos-hogar\/?post_type=product&#038;p=4288"},"modified":"2024-06-19T10:49:00","modified_gmt":"2024-06-19T10:49:00","slug":"latex-supreme","status":"publish","type":"product","link":"https:\/\/www.hogarcolchon.com\/colchones-complementos-hogar\/producto\/latex-supreme\/","title":{"rendered":"L\u00e1tex Supreme"},"content":{"rendered":"<ul>\n<li>\n<div class=\"flex-col gap-1 md:gap-3\">\n<div class=\"flex flex-grow flex-col max-w-full\">\n<div class=\"min-h-[20px] text-message flex flex-col items-start whitespace-pre-wrap break-words [.text-message+&amp;]:mt-5 juice:w-full juice:items-end overflow-x-auto gap-2\" dir=\"auto\" data-message-author-role=\"assistant\" data-message-id=\"ee201bf3-cc90-4971-b006-8a25aeec2bfb\">\n<div class=\"flex w-full flex-col gap-1 juice:empty:hidden juice:first:pt-[3px]\">\n<div class=\"markdown prose w-full break-words dark:prose-invert light\">\n<h3>Descripci\u00f3n<\/h3>\n<ul>\n<li><strong>Tejido Stretch<\/strong>: Proporciona una sensaci\u00f3n suave y c\u00f3moda al tacto (l\u00e1tex supreme).<\/li>\n<li><strong>Desenfundable con Cremallera en Forma de \u00abL\u00bb<\/strong>: Facilita la limpieza y el mantenimiento del colch\u00f3n.<\/li>\n<li><strong>Tejido Inferior 3D Gris<\/strong>: Mejora la transpiraci\u00f3n del colch\u00f3n, manteni\u00e9ndolo fresco y seco.<\/li>\n<li><strong>Viscoel\u00e1stica (3 o 6 cm)<\/strong>: Proporciona una adaptabilidad y confort excepcionales.<\/li>\n<li><strong>Densidad Alta Visco 28 Kg\/m\u00b3<\/strong>: Material de alta densidad que ofrece un soporte firme y duradero.<\/li>\n<li><strong>Acolchado de Algod\u00f3n 100% Natural<\/strong>: La funda superior est\u00e1 acolchada con algod\u00f3n natural de 300 gr\/m\u00b2, proporcionando una superficie suave y transpirable.<\/li>\n<li><strong>N\u00facleo de L\u00e1tex Natural D-85 Kg<\/strong>: Ofrece una estructura firme y duradera con excelente adaptabilidad y soporte<\/li>\n<li><strong>Zona Central Reformada<\/strong>: Proporciona soporte adicional a la zona lumbar.<\/li>\n<li><strong>Tejido Doble Electr\u00f3nic<\/strong>: Aporta una mayor resistencia y durabilidad al colch\u00f3n.<\/li>\n<li><strong>Tejido Velour<\/strong>: Proporciona una sensaci\u00f3n de lujo y confort al tacto.<\/li>\n<li><strong>Acolchado<\/strong>: Mejora la distribuci\u00f3n del peso y a\u00f1ade un toque est\u00e9tico.<\/li>\n<li><strong>Funda Interior con Cremallera<\/strong>: Facilita el mantenimiento y prolonga la vida \u00fatil del colch\u00f3n.<\/li>\n<li><strong>Altura Total<\/strong>: 21 cm (+\/- 1 cm)<\/li>\n<li><strong>Fabricado en Espa\u00f1a<\/strong><\/li>\n<\/ul>\n<h3>Experimenta un Descanso Natural con L\u00e1tex Supreme<\/h3>\n<p><strong>L\u00e1tex Supreme<\/strong> no solo te proporciona un descanso reparador, sino que tambi\u00e9n cuida de tu salud y del medio ambiente. Con su certificaci\u00f3n de autenticidad y sus propiedades naturales, es la elecci\u00f3n ideal para quienes buscan calidad y confort en su descanso diario.<\/p>\n<h3>Innovaci\u00f3n en Materiales<\/h3>\n<h4>L\u00e1tex Natural 100%<\/h4>\n<p>El l\u00e1tex natural se obtiene de la savia del \u00e1rbol Hevea brasiliensis, garantizando una excelente capacidad de adaptaci\u00f3n y soporte. Adem\u00e1s, sus propiedades antibacterianas y resistencia a la humedad hacen de este colch\u00f3n una opci\u00f3n higi\u00e9nica y duradera.<\/p>\n<h4>Tratamiento Ultra-Fresh<\/h4>\n<p>El colch\u00f3n <strong>L\u00e1tex Supreme<\/strong> incluye un tratamiento Ultra-Fresh de 450 gr\/m\u00b2 que impide activamente la proliferaci\u00f3n de bacterias y hongos, manteniendo el colch\u00f3n fresco y limpio por m\u00e1s tiempo.<\/p>\n<h3>Beneficios Clave<\/h3>\n<ul>\n<li><strong>Cuidado de la Columna<\/strong>: Proporciona una colocaci\u00f3n \u00f3ptima de todas las v\u00e9rtebras, gracias a su capacidad de adaptaci\u00f3n y la firmeza del n\u00facleo.<\/li>\n<li><strong>Prevenci\u00f3n de Malas Posturas<\/strong>: Las malas posturas pueden producir contracturas musculares, pero la firmeza y la adaptaci\u00f3n de este colch\u00f3n relajan todos los m\u00fasculos, produciendo una agradable sensaci\u00f3n de descanso y bienestar al despertar.<\/li>\n<li><strong>Alta Transpirabilidad<\/strong>: Gracias al tejido 3D y la viscoel\u00e1stica de poro abierto, el colch\u00f3n ofrece una excelente circulaci\u00f3n del aire, evitando la acumulaci\u00f3n de calor.<\/li>\n<li><strong>5 Zonas de Descanso<\/strong>: Proporciona soporte diferencial a las distintas zonas del cuerpo para un descanso \u00f3ptimo.<\/li>\n<li><strong>4 Canales de Ventilaci\u00f3n<\/strong>: Aseguran una mayor transpirabilidad, manteniendo el colch\u00f3n fresco.<\/li>\n<\/ul>\n<h3>Mantenimiento de tu Colch\u00f3n L\u00e1tex Supreme<\/h3>\n<h4>Frescor y Limpieza<\/h4>\n<ul>\n<li><strong>Funda Lavable<\/strong>: La funda del colch\u00f3n es desenfundable y lavable, facilitando su mantenimiento y garantizando una cama fresca y limpia todo el a\u00f1o.<\/li>\n<li><strong>Recomendaciones<\/strong>: Lava las fundas para colchones de matrimonio en una lavander\u00eda profesional debido a su peso y volumen.<\/li>\n<\/ul>\n<h4>Cuidados del Colch\u00f3n L\u00e1tex Supreme<\/h4>\n<ul>\n<li><strong>Ventilaci\u00f3n<\/strong>: Coloca tu colch\u00f3n sobre un somier bien ventilado.<\/li>\n<li><strong>Giro del Colch\u00f3n<\/strong>: Recomendamos girar tu colch\u00f3n ocasionalmente, pero no es necesario voltearlo, ya que nuestros colchones tienen una sola cara de descanso.<\/li>\n<li><strong>Limpieza<\/strong>: Todas nuestras fundas son desmontables y lavables a m\u00e1quina.<\/li>\n<\/ul>\n<\/div>\n<\/div>\n<\/div>\n<\/div>\n<\/div>\n<\/li>\n<\/ul>\n<p><a href=\"https:\/\/www.hogarcolchon.com\/colchones-complementos-hogar\/producto\/resident\/\">https:\/\/www.hogarcolchon.com\/colchones-complementos-hogar\/producto\/resident\/<\/a><\/p>\n<p>&nbsp;<\/p>\n","protected":false},"excerpt":{"rendered":"<p>Descubre el colch\u00f3n <strong>L\u00e1tex Supreme<\/strong>, la elecci\u00f3n perfecta para un descanso natural y saludable. Este colch\u00f3n de l\u00e1tex 100% natural ofrece una combinaci\u00f3n \u00fanica de confort, soporte y transpirabilidad, dise\u00f1ado para mejorar tu calidad de sue\u00f1o.<\/p>\n","protected":false},"featured_media":5256,"comment_status":"open","ping_status":"closed","template":"","meta":{"_et_pb_use_builder":"","_et_pb_old_content":"","_et_gb_content_width":""},"product_brand":[],"product_cat":[14],"product_tag":[56,63,61,68,67,62,46],"class_list":{"0":"post-4288","1":"product","2":"type-product","3":"status-publish","4":"has-post-thumbnail","6":"product_cat-colchones-de-latex-y-visco","7":"product_tag-absorvente","8":"product_tag-antialergico","9":"product_tag-antiasfixia","10":"product_tag-antibacterias","11":"product_tag-antihongos","12":"product_tag-antihumedad","13":"product_tag-transpirable","15":"first","16":"instock","17":"taxable","18":"shipping-taxable","19":"purchasable","20":"product-type-variable"},"_links":{"self":[{"href":"https:\/\/www.hogarcolchon.com\/colchones-complementos-hogar\/wp-json\/wp\/v2\/product\/4288","targetHints":{"allow":["GET"]}}],"collection":[{"href":"https:\/\/www.hogarcolchon.com\/colchones-complementos-hogar\/wp-json\/wp\/v2\/product"}],"about":[{"href":"https:\/\/www.hogarcolchon.com\/colchones-complementos-hogar\/wp-json\/wp\/v2\/types\/product"}],"replies":[{"embeddable":true,"href":"https:\/\/www.hogarcolchon.com\/colchones-complementos-hogar\/wp-json\/wp\/v2\/comments?post=4288"}],"wp:featuredmedia":[{"embeddable":true,"href":"https:\/\/www.hogarcolchon.com\/colchones-complementos-hogar\/wp-json\/wp\/v2\/media\/5256"}],"wp:attachment":[{"href":"https:\/\/www.hogarcolchon.com\/colchones-complementos-hogar\/wp-json\/wp\/v2\/media?parent=4288"}],"wp:term":[{"taxonomy":"product_brand","embeddable":true,"href":"https:\/\/www.hogarcolchon.com\/colchones-complementos-hogar\/wp-json\/wp\/v2\/product_brand?post=4288"},{"taxonomy":"product_cat","embeddable":true,"href":"https:\/\/www.hogarcolchon.com\/colchones-complementos-hogar\/wp-json\/wp\/v2\/product_cat?post=4288"},{"taxonomy":"product_tag","embeddable":true,"href":"https:\/\/www.hogarcolchon.com\/colchones-complementos-hogar\/wp-json\/wp\/v2\/product_tag?post=4288"}],"curies":[{"name":"wp","href":"https:\/\/api.w.org\/{rel}","templated":true}]}}