{"id":4338,"date":"2023-11-08T17:03:28","date_gmt":"2023-11-08T17:03:28","guid":{"rendered":"https:\/\/www.hogarcolchon.com\/colchones-complementos-hogar\/?post_type=product&#038;p=4338"},"modified":"2024-05-09T01:30:17","modified_gmt":"2024-05-09T01:30:17","slug":"relleno-nordico-150-gramos","status":"publish","type":"product","link":"https:\/\/www.hogarcolchon.com\/colchones-complementos-hogar\/producto\/relleno-nordico-150-gramos\/","title":{"rendered":"Relleno N\u00f3rdico 150 gramos. Desde: 38\u20ac"},"content":{"rendered":"<ul>\n<li>Relleno: Fibra HC\/HCSiliconada conjugada (Relleno N\u00f3rdico 150).<\/li>\n<li>Gramaje: 150 gramos .<\/li>\n<li>Tejido: Microfibra tacto seda<\/li>\n<li>Tratamiento: Anti-\u00e1caros.<\/li>\n<li>Cualidades: Cosido a cuadros.<\/li>\n<li>Mantenimiento: Lavable 40\u00ba.<\/li>\n<li>Presentaci\u00f3n: Estuche + flyer.<\/li>\n<li>Fabricado en Espa\u00f1a<\/li>\n<li>Medidas:\n<ul>\n<li>cama 90 ( 90 x 190-200)<\/li>\n<li>cama 105 ( 105 x 190-200)<\/li>\n<li>cama 120 ( 120 x 190-200)<\/li>\n<li>cama 135 ( 135 x 190-200)<\/li>\n<li>cama 150 ( 150 x 190-200)<\/li>\n<li>cama 160 ( 160 x 190-200)<\/li>\n<li>cama 180 ( 180 x 190-200)<\/li>\n<li>cama 200 ( 200 x 190-200)<\/li>\n<\/ul>\n<\/li>\n<\/ul>\n<p><a href=\"https:\/\/www.hogarcolchon.com\/colchones-complementos-hogar\/producto\/relleno-nordico-400-gramos\/\">https:\/\/www.hogarcolchon.com\/colchones-complementos-hogar\/producto\/relleno-nordico-400-gramos\/<\/a><\/p>\n<p>&nbsp;<\/p>\n<p>&nbsp;<\/p>\n","protected":false},"excerpt":{"rendered":"<p>Relleno N\u00f3rdico 150 gramos de fibra siliconada conjugada te ofrecer\u00e1 una sensaci\u00f3n t\u00e9rmica media, y facilidad de movimientos en el descanso.<\/p>\n","protected":false},"featured_media":3236,"comment_status":"open","ping_status":"closed","template":"","meta":{"_et_pb_use_builder":"","_et_pb_old_content":"","_et_gb_content_width":""},"product_brand":[],"product_cat":[227,10],"product_tag":[],"class_list":{"0":"post-4338","1":"product","2":"type-product","3":"status-publish","4":"has-post-thumbnail","6":"product_cat-rellenos-nordicos","7":"product_cat-ropa-de-cama","9":"first","10":"instock","11":"taxable","12":"shipping-taxable","13":"purchasable","14":"product-type-variable"},"_links":{"self":[{"href":"https:\/\/www.hogarcolchon.com\/colchones-complementos-hogar\/wp-json\/wp\/v2\/product\/4338","targetHints":{"allow":["GET"]}}],"collection":[{"href":"https:\/\/www.hogarcolchon.com\/colchones-complementos-hogar\/wp-json\/wp\/v2\/product"}],"about":[{"href":"https:\/\/www.hogarcolchon.com\/colchones-complementos-hogar\/wp-json\/wp\/v2\/types\/product"}],"replies":[{"embeddable":true,"href":"https:\/\/www.hogarcolchon.com\/colchones-complementos-hogar\/wp-json\/wp\/v2\/comments?post=4338"}],"wp:featuredmedia":[{"embeddable":true,"href":"https:\/\/www.hogarcolchon.com\/colchones-complementos-hogar\/wp-json\/wp\/v2\/media\/3236"}],"wp:attachment":[{"href":"https:\/\/www.hogarcolchon.com\/colchones-complementos-hogar\/wp-json\/wp\/v2\/media?parent=4338"}],"wp:term":[{"taxonomy":"product_brand","embeddable":true,"href":"https:\/\/www.hogarcolchon.com\/colchones-complementos-hogar\/wp-json\/wp\/v2\/product_brand?post=4338"},{"taxonomy":"product_cat","embeddable":true,"href":"https:\/\/www.hogarcolchon.com\/colchones-complementos-hogar\/wp-json\/wp\/v2\/product_cat?post=4338"},{"taxonomy":"product_tag","embeddable":true,"href":"https:\/\/www.hogarcolchon.com\/colchones-complementos-hogar\/wp-json\/wp\/v2\/product_tag?post=4338"}],"curies":[{"name":"wp","href":"https:\/\/api.w.org\/{rel}","templated":true}]}}