{"id":4735,"date":"2024-04-14T18:30:09","date_gmt":"2024-04-14T18:30:09","guid":{"rendered":"https:\/\/www.hogarcolchon.com\/colchones-complementos-hogar\/?post_type=product&#038;p=4735"},"modified":"2024-06-10T13:55:05","modified_gmt":"2024-06-10T13:55:05","slug":"oasis-599e","status":"publish","type":"product","link":"https:\/\/www.hogarcolchon.com\/colchones-complementos-hogar\/producto\/oasis-599e\/","title":{"rendered":"Oasis: 599\u20ac"},"content":{"rendered":"<ul>\n<li>Caracter\u00edsticas\n<ul>\n<li>Acabados en melamina<\/li>\n<li>Estructura de Arc\u00f3n fabricada en el tablero melaminico de 30 mm cateado en PVC.<\/li>\n<li>Patas macizas de haya lacadas a juego.<\/li>\n<li>Fondo del canap\u00e9 de tablero de melamina de 16 mm de espesor atornillado al caj\u00f3n.<\/li>\n<li>Tapa compuesta por bastidor de tubo de acero de perfil 40 x 30 mm,\u00a0 con cuatro (4) travesa\u00f1os de refuerzo.<\/li>\n<li>Tablero de 10 mm, multiperforado fijado a merco mediante clavos de acero estriados. Tapizados con tejido de malla transpirable con base de fibra compactada.<\/li>\n<li>Tirador\/es de haya a juego con el caj\u00f3n, atornillados a la estructura de la tapa.<\/li>\n<\/ul>\n<\/li>\n<\/ul>\n<p><a href=\"https:\/\/www.hogarcolchon.com\/colchones-complementos-hogar\/producto\/llanura-desde\/\">https:\/\/www.hogarcolchon.com\/colchones-complementos-hogar\/producto\/llanura-desde\/<\/a><\/p>\n<p>&nbsp;<\/p>\n","protected":false},"excerpt":{"rendered":"<p>Modelo Oasis de Hogar Colch\u00f3n: Acabados en melamina. Estructura de arc\u00f3n en tablero melam\u00ednico de 30mm, canteado en PVC. Patas de haya maciza lacadas a juego. Fondo de melamina de 16mm atornillado al caj\u00f3n. Tapa de acero reforzado con tablero multiperforado, tapizado en tejido de malla transpirable. Tiradores de haya a juego con el caj\u00f3n.<\/p>\n","protected":false},"featured_media":5080,"comment_status":"open","ping_status":"closed","template":"","meta":{"_et_pb_use_builder":"","_et_pb_old_content":"","_et_gb_content_width":""},"product_brand":[],"product_cat":[7],"product_tag":[57,326,324,289,286,288,327,46],"class_list":{"0":"post-4735","1":"product","2":"type-product","3":"status-publish","4":"has-post-thumbnail","6":"product_cat-canapes","7":"product_tag-adaptable","8":"product_tag-bases","9":"product_tag-canape","10":"product_tag-comodo","11":"product_tag-fuerte","12":"product_tag-madera","13":"product_tag-tapizado","14":"product_tag-transpirable","16":"first","17":"instock","18":"taxable","19":"shipping-taxable","20":"purchasable","21":"product-type-variable"},"_links":{"self":[{"href":"https:\/\/www.hogarcolchon.com\/colchones-complementos-hogar\/wp-json\/wp\/v2\/product\/4735","targetHints":{"allow":["GET"]}}],"collection":[{"href":"https:\/\/www.hogarcolchon.com\/colchones-complementos-hogar\/wp-json\/wp\/v2\/product"}],"about":[{"href":"https:\/\/www.hogarcolchon.com\/colchones-complementos-hogar\/wp-json\/wp\/v2\/types\/product"}],"replies":[{"embeddable":true,"href":"https:\/\/www.hogarcolchon.com\/colchones-complementos-hogar\/wp-json\/wp\/v2\/comments?post=4735"}],"wp:featuredmedia":[{"embeddable":true,"href":"https:\/\/www.hogarcolchon.com\/colchones-complementos-hogar\/wp-json\/wp\/v2\/media\/5080"}],"wp:attachment":[{"href":"https:\/\/www.hogarcolchon.com\/colchones-complementos-hogar\/wp-json\/wp\/v2\/media?parent=4735"}],"wp:term":[{"taxonomy":"product_brand","embeddable":true,"href":"https:\/\/www.hogarcolchon.com\/colchones-complementos-hogar\/wp-json\/wp\/v2\/product_brand?post=4735"},{"taxonomy":"product_cat","embeddable":true,"href":"https:\/\/www.hogarcolchon.com\/colchones-complementos-hogar\/wp-json\/wp\/v2\/product_cat?post=4735"},{"taxonomy":"product_tag","embeddable":true,"href":"https:\/\/www.hogarcolchon.com\/colchones-complementos-hogar\/wp-json\/wp\/v2\/product_tag?post=4735"}],"curies":[{"name":"wp","href":"https:\/\/api.w.org\/{rel}","templated":true}]}}