{"id":4767,"date":"2024-04-14T18:43:16","date_gmt":"2024-04-14T18:43:16","guid":{"rendered":"https:\/\/www.hogarcolchon.com\/colchones-complementos-hogar\/?post_type=product&#038;p=4767"},"modified":"2024-06-10T14:03:17","modified_gmt":"2024-06-10T14:03:17","slug":"primavera-desde-599e","status":"publish","type":"product","link":"https:\/\/www.hogarcolchon.com\/colchones-complementos-hogar\/producto\/primavera-desde-599e\/","title":{"rendered":"Primavera: desde 599\u20ac"},"content":{"rendered":"<ul>\n<li>Caracter\u00edsticas\n<ul>\n<li>\u00a0Acabados en melamina.<\/li>\n<li>\u00a0Estructura de arc\u00f3n fabricada en tablero melaminico de 30mm, canteado en PvC.<\/li>\n<li>\u00a0Patas macizas de haya lacadas a juego.<\/li>\n<li>Fondo del canap\u00e9 de tablero de melamina de 16mm. de espesor atornillado al caj\u00f3n.<\/li>\n<li>Tapa compuesta por bastidor de tubo de acero de perfil 40x30mm. con cuatro travesa\u00f1os de refuerzo.Tablero de 10mm. multiperforado fijado al marco mediante clavos de acero estriados. Tapizados con tejido de malla transpirable con base de fibra compactada. Colores disponibles segun muestrario.<\/li>\n<li>Tirador\/es de haya a juego con el caj\u00f3n. atornillados a la estructura\u00a0de\u00a0la\u00a0tapa.<\/li>\n<\/ul>\n<\/li>\n<\/ul>\n<p><a href=\"https:\/\/www.hogarcolchon.com\/colchones-complementos-hogar\/producto\/la-seu-desde-599e\/\">https:\/\/www.hogarcolchon.com\/colchones-complementos-hogar\/producto\/la-seu-desde-599e\/<\/a><\/p>\n<p>&nbsp;<\/p>\n","protected":false},"excerpt":{"rendered":"<ul>\n<li>Modelo Primavera de Hogar Colch\u00f3n: Acabados en melamina. Estructura de arc\u00f3n en tablero melam\u00ednico de 30mm, canteado en PVC. Patas de haya maciza lacadas a juego. Fondo de melamina de 16mm atornillado al caj\u00f3n. Tapa de acero reforzado con tablero multiperforado, tapizado en tejido de malla transpirable. Tiradores de haya a juego con el caj\u00f3n.<\/li>\n<\/ul>\n","protected":false},"featured_media":5078,"comment_status":"open","ping_status":"closed","template":"","meta":{"_et_pb_use_builder":"","_et_pb_old_content":"","_et_gb_content_width":""},"product_brand":[],"product_cat":[7],"product_tag":[57,279,326,324,289,325,286,288,46],"class_list":{"0":"post-4767","1":"product","2":"type-product","3":"status-publish","4":"has-post-thumbnail","6":"product_cat-canapes","7":"product_tag-adaptable","8":"product_tag-base","9":"product_tag-bases","10":"product_tag-canape","11":"product_tag-comodo","12":"product_tag-elegante","13":"product_tag-fuerte","14":"product_tag-madera","15":"product_tag-transpirable","17":"first","18":"instock","19":"taxable","20":"shipping-taxable","21":"purchasable","22":"product-type-variable"},"_links":{"self":[{"href":"https:\/\/www.hogarcolchon.com\/colchones-complementos-hogar\/wp-json\/wp\/v2\/product\/4767","targetHints":{"allow":["GET"]}}],"collection":[{"href":"https:\/\/www.hogarcolchon.com\/colchones-complementos-hogar\/wp-json\/wp\/v2\/product"}],"about":[{"href":"https:\/\/www.hogarcolchon.com\/colchones-complementos-hogar\/wp-json\/wp\/v2\/types\/product"}],"replies":[{"embeddable":true,"href":"https:\/\/www.hogarcolchon.com\/colchones-complementos-hogar\/wp-json\/wp\/v2\/comments?post=4767"}],"wp:featuredmedia":[{"embeddable":true,"href":"https:\/\/www.hogarcolchon.com\/colchones-complementos-hogar\/wp-json\/wp\/v2\/media\/5078"}],"wp:attachment":[{"href":"https:\/\/www.hogarcolchon.com\/colchones-complementos-hogar\/wp-json\/wp\/v2\/media?parent=4767"}],"wp:term":[{"taxonomy":"product_brand","embeddable":true,"href":"https:\/\/www.hogarcolchon.com\/colchones-complementos-hogar\/wp-json\/wp\/v2\/product_brand?post=4767"},{"taxonomy":"product_cat","embeddable":true,"href":"https:\/\/www.hogarcolchon.com\/colchones-complementos-hogar\/wp-json\/wp\/v2\/product_cat?post=4767"},{"taxonomy":"product_tag","embeddable":true,"href":"https:\/\/www.hogarcolchon.com\/colchones-complementos-hogar\/wp-json\/wp\/v2\/product_tag?post=4767"}],"curies":[{"name":"wp","href":"https:\/\/api.w.org\/{rel}","templated":true}]}}