{"id":4783,"date":"2024-04-14T18:47:08","date_gmt":"2024-04-14T18:47:08","guid":{"rendered":"https:\/\/www.hogarcolchon.com\/colchones-complementos-hogar\/?post_type=product&#038;p=4783"},"modified":"2024-06-10T13:25:23","modified_gmt":"2024-06-10T13:25:23","slug":"glaciar-desde-599e","status":"publish","type":"product","link":"https:\/\/www.hogarcolchon.com\/colchones-complementos-hogar\/producto\/glaciar-desde-599e\/","title":{"rendered":"Glaciar: desde 599\u20ac"},"content":{"rendered":"<ul>\n<li>Caracter\u00edsticas\n<ul>\n<li>\u00a0Acabados en melamina<\/li>\n<li>\u00a0Estructura de arc\u00f3n fabricada en tablero melaminico de 30mm, canteado en PvC.<\/li>\n<li>\u00a0Patas macizas de haya lacadas a juego.<\/li>\n<li>Fondo del canap\u00e9 de tablero de melamina de 16mm. de espesor atornillado al caj\u00f3n.<\/li>\n<li>Tapa compuesta por bastidor de tubo de acero de perfil 40x30mm. con cuatro travesa\u00f1os de refuerzo.Tablero de 10mm. multiperforado fijado al marco mediante clavos de acero estriados. Tapizados con tejido de malla transpirable con base de fibra compactada. Colores disponibles segun muestrario.<\/li>\n<li>Tirador\/es de haya a juego con el caj\u00f3n. atornillados a la estructura de la tapa<\/li>\n<\/ul>\n<\/li>\n<\/ul>\n<p><a href=\"https:\/\/www.hogarcolchon.com\/colchones-complementos-hogar\/producto\/la-seu-desde-599e\/\">https:\/\/www.hogarcolchon.com\/colchones-complementos-hogar\/producto\/la-seu-desde-599e\/<\/a><\/p>\n<p>&nbsp;<\/p>\n","protected":false},"excerpt":{"rendered":"<div class=\"flex-shrink-0 flex flex-col relative items-end\">\n<div>\n<div class=\"pt-0.5 juice:pt-0\">\n<div class=\"gizmo-bot-avatar flex h-6 w-6 items-center justify-center overflow-hidden rounded-full juice:h-8 juice:w-8\">\n<div class=\"relative p-1 rounded-sm flex items-center justify-center bg-token-main-surface-primary text-token-text-primary h-8 w-8\"><\/div>\n<\/div>\n<\/div>\n<\/div>\n<\/div>\n<div class=\"group\/conversation-turn relative flex w-full min-w-0 flex-col agent-turn\">\n<div class=\"flex-col gap-1 md:gap-3\">\n<div class=\"flex flex-grow flex-col max-w-full\">\n<div class=\"min-h-[20px] text-message flex flex-col items-start whitespace-pre-wrap break-words [.text-message+&amp;]:mt-5 juice:w-full juice:items-end overflow-x-auto gap-2\" dir=\"auto\" data-message-author-role=\"assistant\" data-message-id=\"188de776-c0d1-4bd1-9a73-d60d97891c22\">\n<div class=\"flex w-full flex-col gap-1 juice:empty:hidden juice:first:pt-[3px]\">\n<div class=\"markdown prose w-full break-words dark:prose-invert light\">\n<p>Modelo Glaciar de Hogar Colch\u00f3n: Acabados en melamina con estructura de arc\u00f3n en tablero melam\u00ednico de 30mm. Patas de haya maciza lacadas. Fondo de melamina de 16mm. Tapa de acero reforzado con tablero multiperforado, tapizado en tejido de malla transpirable. Incluye tiradores de haya a juego con el caj\u00f3n.<\/p>\n<\/div>\n<\/div>\n<\/div>\n<\/div>\n<\/div>\n<\/div>\n","protected":false},"featured_media":5076,"comment_status":"open","ping_status":"closed","template":"","meta":{"_et_pb_use_builder":"","_et_pb_old_content":"","_et_gb_content_width":""},"product_brand":[],"product_cat":[7],"product_tag":[],"class_list":{"0":"post-4783","1":"product","2":"type-product","3":"status-publish","4":"has-post-thumbnail","6":"product_cat-canapes","8":"first","9":"instock","10":"taxable","11":"shipping-taxable","12":"purchasable","13":"product-type-variable"},"_links":{"self":[{"href":"https:\/\/www.hogarcolchon.com\/colchones-complementos-hogar\/wp-json\/wp\/v2\/product\/4783","targetHints":{"allow":["GET"]}}],"collection":[{"href":"https:\/\/www.hogarcolchon.com\/colchones-complementos-hogar\/wp-json\/wp\/v2\/product"}],"about":[{"href":"https:\/\/www.hogarcolchon.com\/colchones-complementos-hogar\/wp-json\/wp\/v2\/types\/product"}],"replies":[{"embeddable":true,"href":"https:\/\/www.hogarcolchon.com\/colchones-complementos-hogar\/wp-json\/wp\/v2\/comments?post=4783"}],"wp:featuredmedia":[{"embeddable":true,"href":"https:\/\/www.hogarcolchon.com\/colchones-complementos-hogar\/wp-json\/wp\/v2\/media\/5076"}],"wp:attachment":[{"href":"https:\/\/www.hogarcolchon.com\/colchones-complementos-hogar\/wp-json\/wp\/v2\/media?parent=4783"}],"wp:term":[{"taxonomy":"product_brand","embeddable":true,"href":"https:\/\/www.hogarcolchon.com\/colchones-complementos-hogar\/wp-json\/wp\/v2\/product_brand?post=4783"},{"taxonomy":"product_cat","embeddable":true,"href":"https:\/\/www.hogarcolchon.com\/colchones-complementos-hogar\/wp-json\/wp\/v2\/product_cat?post=4783"},{"taxonomy":"product_tag","embeddable":true,"href":"https:\/\/www.hogarcolchon.com\/colchones-complementos-hogar\/wp-json\/wp\/v2\/product_tag?post=4783"}],"curies":[{"name":"wp","href":"https:\/\/api.w.org\/{rel}","templated":true}]}}