{"id":4971,"date":"2024-05-29T09:14:37","date_gmt":"2024-05-29T09:14:37","guid":{"rendered":"https:\/\/www.hogarcolchon.com\/colchones-complementos-hogar\/?post_type=product&#038;p=4971"},"modified":"2024-06-10T20:27:22","modified_gmt":"2024-06-10T20:27:22","slug":"optimum-relax","status":"publish","type":"product","link":"https:\/\/www.hogarcolchon.com\/colchones-complementos-hogar\/producto\/optimum-relax\/","title":{"rendered":"Optimum Relax. Desde: 231\u20ac"},"content":{"rendered":"<ul>\n<li>4cm Refuerzo perimetral HR High Density para poder aprovechar toda la superficie del colch\u00f3n y evitar deformaciones al sentarse en el borde del colch\u00f3n Optimum Relax ..<\/li>\n<li>2 cm HR 25 Kg High Density Comfort Clud Foam<\/li>\n<li>1.5 cm Foam Support<\/li>\n<li>HR-Supersoft .<\/li>\n<li>N\u00facleo 725 muelles ensacados 5 zonas y Acero de 2.1 mm<\/li>\n<li>cm Refuerzo perimetral HR High Density<\/li>\n<li>Acolchado Continuo en tejido Strecht de 300 gr Smooth Effect.<\/li>\n<li>Fibra Hipoalerg\u00e9nica 200 gr<\/li>\n<li>1.5 cm visciel\u00e1stica<\/li>\n<li>Tejido Platabanda Fibra Hipoalerg\u00e9nica untratranspirable.<\/li>\n<li>4 asas (facilita la vuelta del colch\u00f3n).<\/li>\n<li>Grueso +\/-: 28 cm.<\/li>\n<li>Fabricado en Espa\u00f1a<\/li>\n<\/ul>\n<p><strong>Obtienes:<\/strong><\/p>\n<p class=\"_04xlpA direction-ltr align-justify para-style-body\"><strong><span class=\"WdYUQQ\">Descanso y recuperaci\u00f3n: <\/span><\/strong><span class=\"WdYUQQ\">\u00a0Mejora la calidad del sue\u00f1o.<\/span><\/p>\n<p class=\"_04xlpA direction-ltr align-justify para-style-body\"><span class=\"WdYUQQ\"><strong>Alivio de la presi\u00f3n corporal:<\/strong> <\/span>\u00a0<span class=\"WdYUQQ\">correcta alineaci\u00f3n de la columna vertebral y la postura del cuerpo(Hogar Colch\u00f3n Nano muelles Algod\u00f3n).<\/span><\/p>\n<p class=\"_04xlpA direction-ltr align-justify para-style-body\"><strong><span class=\"WdYUQQ\">Confort: <\/span><\/strong><span class=\"WdYUQQ\">Se adapta a las necesidades de cada persona, reduce el estr\u00e9s y mejorar el bienestar f\u00edsico y emocional.<\/span><\/p>\n<p class=\"_04xlpA direction-ltr align-justify para-style-body\"><span class=\"WdYUQQ\"><strong>Higiene y salud:<\/strong><\/span><span class=\"WdYUQQ\">\u00a0Impide proliferaci\u00f3n de bacterias y hongos. Act\u00faa como termorregulador y favorece la transpirabilidad, adaptabilidad y aporta frescura natural<\/span><\/p>\n<p><a href=\"https:\/\/www.hogarcolchon.com\/colchones-complementos-hogar\/producto\/viscosleep-deluxe\/\">https:\/\/www.hogarcolchon.com\/colchones-complementos-hogar\/producto\/viscosleep-deluxe\/<\/a><\/p>\n","protected":false},"excerpt":{"rendered":"<p>Optimum Relax cuenta con un refuerzo perimetral HR High Density de 4 cm, un n\u00facleo de 725 muelles ensacados con 5 zonas, y viscoel\u00e1stica de 1.5 cm para un soporte \u00f3ptimo. Con acolchado continuo en tejido Stretch de 300 gr y fibra hipoalerg\u00e9nica ultra transpirable, ofrece m\u00e1ximo confort y durabilidad.<\/p>\n","protected":false},"featured_media":5118,"comment_status":"open","ping_status":"closed","template":"","meta":{"_et_pb_use_builder":"","_et_pb_old_content":"","_et_gb_content_width":""},"product_brand":[],"product_cat":[30],"product_tag":[57,63,51,45,46],"class_list":{"0":"post-4971","1":"product","2":"type-product","3":"status-publish","4":"has-post-thumbnail","6":"product_cat-muelles-ensacados","7":"product_tag-adaptable","8":"product_tag-antialergico","9":"product_tag-independencia-de-peso","10":"product_tag-suave","11":"product_tag-transpirable","13":"first","14":"instock","15":"taxable","16":"shipping-taxable","17":"purchasable","18":"product-type-variable"},"_links":{"self":[{"href":"https:\/\/www.hogarcolchon.com\/colchones-complementos-hogar\/wp-json\/wp\/v2\/product\/4971","targetHints":{"allow":["GET"]}}],"collection":[{"href":"https:\/\/www.hogarcolchon.com\/colchones-complementos-hogar\/wp-json\/wp\/v2\/product"}],"about":[{"href":"https:\/\/www.hogarcolchon.com\/colchones-complementos-hogar\/wp-json\/wp\/v2\/types\/product"}],"replies":[{"embeddable":true,"href":"https:\/\/www.hogarcolchon.com\/colchones-complementos-hogar\/wp-json\/wp\/v2\/comments?post=4971"}],"wp:featuredmedia":[{"embeddable":true,"href":"https:\/\/www.hogarcolchon.com\/colchones-complementos-hogar\/wp-json\/wp\/v2\/media\/5118"}],"wp:attachment":[{"href":"https:\/\/www.hogarcolchon.com\/colchones-complementos-hogar\/wp-json\/wp\/v2\/media?parent=4971"}],"wp:term":[{"taxonomy":"product_brand","embeddable":true,"href":"https:\/\/www.hogarcolchon.com\/colchones-complementos-hogar\/wp-json\/wp\/v2\/product_brand?post=4971"},{"taxonomy":"product_cat","embeddable":true,"href":"https:\/\/www.hogarcolchon.com\/colchones-complementos-hogar\/wp-json\/wp\/v2\/product_cat?post=4971"},{"taxonomy":"product_tag","embeddable":true,"href":"https:\/\/www.hogarcolchon.com\/colchones-complementos-hogar\/wp-json\/wp\/v2\/product_tag?post=4971"}],"curies":[{"name":"wp","href":"https:\/\/api.w.org\/{rel}","templated":true}]}}