{"id":5019,"date":"2024-06-03T20:41:07","date_gmt":"2024-06-03T20:41:07","guid":{"rendered":"https:\/\/www.hogarcolchon.com\/colchones-complementos-hogar\/?post_type=product&#038;p=5019"},"modified":"2024-06-11T17:16:28","modified_gmt":"2024-06-11T17:16:28","slug":"tempur-pro-luxe-smartcool","status":"publish","type":"product","link":"https:\/\/www.hogarcolchon.com\/colchones-complementos-hogar\/producto\/tempur-pro-luxe-smartcool\/","title":{"rendered":"Tempur Pro Luxe SmartCool"},"content":{"rendered":"<h3><\/h3>\n<p>Prep\u00e1rese para un descanso m\u00e1s fresco y reparador con el nuevo Tempur Pro Luxe SmartCool. Este colch\u00f3n combina materiales avanzados y tecnolog\u00eda innovadora para ofrecer el m\u00e1ximo confort y soporte.<\/p>\n<h4>Innovaci\u00f3n en Materiales<\/h4>\n<ul>\n<li><strong>Material TEMPUR\u00ae Advanced:<\/strong> Nuestro material m\u00e1s avanzado, alivia un 20% m\u00e1s de presi\u00f3n*, amortigua mejor los movimientos y se adapta con mayor precisi\u00f3n a la forma, peso y temperatura corporal. Miles de millones de c\u00e9lulas ultrasensibles garantizan un descanso profundamente reparador.<\/li>\n<\/ul>\n<h4>Tecnolog\u00eda SmartCool\u2122 y Funda QuickRefresh\u2122<\/h4>\n<ul>\n<li><strong>Funda TEMPUR\u00ae Pro SmartCool\u2122:<\/strong> Incorpora la tecnolog\u00eda SmartCool\u2122 que es fresca al tacto y ayuda a absorber el exceso de temperatura corporal, manteni\u00e9ndote fresco durante toda la noche.<\/li>\n<li><strong>F\u00e1cil de Mantener:<\/strong> La funda QuickRefresh\u2122 permite quitarla f\u00e1cilmente para lavarla, asegurando que tu colch\u00f3n se mantenga fresco y limpio.<\/li>\n<\/ul>\n<h4>Capas de Confort<\/h4>\n<ul>\n<li><strong>Funda TEMPUR Pro\u00ae SmartCool\u2122:<\/strong> Fresca al tacto, absorbe el exceso de calor y es lavable a m\u00e1quina a 40\u00b0C.<\/li>\n<li><strong>Material TEMPUR\u00ae Advanced:<\/strong> Mejora un 20%* el alivio de presi\u00f3n y amortigua mejor los movimientos, adapt\u00e1ndose con a\u00fan m\u00e1s precisi\u00f3n.<\/li>\n<li><strong>Material TEMPUR Adapt\u00ae:<\/strong> Ofrece soporte y alivia la presi\u00f3n, siendo ahora m\u00e1s resistente.<\/li>\n<li><strong>Tecnolog\u00eda TEMPUR DuraBase\u00ae:<\/strong> Proporciona confort y soporte duraderos, trabajando conjuntamente con las capas superiores para una sensaci\u00f3n sin igual y adecuada para cualquier tipo de base.<\/li>\n<\/ul>\n<h4>Sensaci\u00f3n de Firmeza Media<\/h4>\n<ul>\n<li><strong>Equilibrio Perfecto:<\/strong> Ofrece un equilibrio ideal entre soporte y confort, adapt\u00e1ndose a las necesidades de tu cuerpo.<\/li>\n<\/ul>\n<h4>Colch\u00f3n Pro Luxe de 25 cm de Grosor<\/h4>\n<ul>\n<li><strong>Dise\u00f1o Premium:<\/strong> Con 25 cm de grosor, el TEMPUR Pro\u00ae Luxe SmartCool\u2122 es nuestro modelo m\u00e1s avanzado, proporcionando un confort y soporte excepcionales.<\/li>\n<\/ul>\n<h4>Funda QuickRefresh\u2122 Lavable<\/h4>\n<ul>\n<li><strong>Innovaci\u00f3n en Limpieza:<\/strong> La funda de colch\u00f3n ultrasuave con tecnolog\u00eda QuickRefresh\u2122 es f\u00e1cil de limpiar. Simplemente abre la cremallera, quita y lava la funda a m\u00e1quina a 40\u00b0C, manteni\u00e9ndola fresca y limpia noche tras noche.<\/li>\n<\/ul>\n<ul>\n<li><strong>\u00a1PARA M\u00c1S INFORMACI\u00d3N, LL\u00c1MANOS!<\/strong><\/li>\n<li>Telf: 601207233 o 973 21 22 07 \/\/ 973 18 48 27<\/li>\n<\/ul>\n<p><a href=\"https:\/\/www.hogarcolchon.com\/colchones-complementos-hogar\/producto\/optimum-relax\/\">https:\/\/www.hogarcolchon.com\/colchones-complementos-hogar\/producto\/optimum-relax\/<\/a><\/p>\n","protected":false},"excerpt":{"rendered":"<p>Prep\u00e1rese para un descanso m\u00e1s fresco y reparador con el nuevo Tempur Pro Luxe SmartCool. Este colch\u00f3n combina materiales avanzados y tecnolog\u00eda innovadora para ofrecer el m\u00e1ximo confort y soporte.<\/p>\n","protected":false},"featured_media":5020,"comment_status":"open","ping_status":"closed","template":"","meta":{"_et_pb_use_builder":"","_et_pb_old_content":"","_et_gb_content_width":""},"product_brand":[],"product_cat":[6,13],"product_tag":[63,68,67,289,51,342,328,339,46],"class_list":{"0":"post-5019","1":"product","2":"type-product","3":"status-publish","4":"has-post-thumbnail","6":"product_cat-colchones","7":"product_cat-colchones-tempur-y-sealy","8":"product_tag-antialergico","9":"product_tag-antibacterias","10":"product_tag-antihongos","11":"product_tag-comodo","12":"product_tag-independencia-de-peso","13":"product_tag-nasa","14":"product_tag-recuperacion-del-sueno","15":"product_tag-tempur","16":"product_tag-transpirable","18":"first","19":"outofstock","20":"taxable","21":"shipping-taxable","22":"product-type-variable"},"_links":{"self":[{"href":"https:\/\/www.hogarcolchon.com\/colchones-complementos-hogar\/wp-json\/wp\/v2\/product\/5019","targetHints":{"allow":["GET"]}}],"collection":[{"href":"https:\/\/www.hogarcolchon.com\/colchones-complementos-hogar\/wp-json\/wp\/v2\/product"}],"about":[{"href":"https:\/\/www.hogarcolchon.com\/colchones-complementos-hogar\/wp-json\/wp\/v2\/types\/product"}],"replies":[{"embeddable":true,"href":"https:\/\/www.hogarcolchon.com\/colchones-complementos-hogar\/wp-json\/wp\/v2\/comments?post=5019"}],"wp:featuredmedia":[{"embeddable":true,"href":"https:\/\/www.hogarcolchon.com\/colchones-complementos-hogar\/wp-json\/wp\/v2\/media\/5020"}],"wp:attachment":[{"href":"https:\/\/www.hogarcolchon.com\/colchones-complementos-hogar\/wp-json\/wp\/v2\/media?parent=5019"}],"wp:term":[{"taxonomy":"product_brand","embeddable":true,"href":"https:\/\/www.hogarcolchon.com\/colchones-complementos-hogar\/wp-json\/wp\/v2\/product_brand?post=5019"},{"taxonomy":"product_cat","embeddable":true,"href":"https:\/\/www.hogarcolchon.com\/colchones-complementos-hogar\/wp-json\/wp\/v2\/product_cat?post=5019"},{"taxonomy":"product_tag","embeddable":true,"href":"https:\/\/www.hogarcolchon.com\/colchones-complementos-hogar\/wp-json\/wp\/v2\/product_tag?post=5019"}],"curies":[{"name":"wp","href":"https:\/\/api.w.org\/{rel}","templated":true}]}}