{"id":5022,"date":"2024-06-07T16:53:07","date_gmt":"2024-06-07T16:53:07","guid":{"rendered":"https:\/\/www.hogarcolchon.com\/colchones-complementos-hogar\/?post_type=product&#038;p=5022"},"modified":"2024-06-10T20:02:19","modified_gmt":"2024-06-10T20:02:19","slug":"flexisalud","status":"publish","type":"product","link":"https:\/\/www.hogarcolchon.com\/colchones-complementos-hogar\/producto\/flexisalud\/","title":{"rendered":"Flexisalud. desde 295\u20ac"},"content":{"rendered":"<h3>Descripci\u00f3n<\/h3>\n<ul>\n<li>Funda exterior de poliuretano<\/li>\n<li>Solapa protectora impermeable, transpirable e in\u00edfuga (Flexisalud)<\/li>\n<li>Cremallera en forma de L<\/li>\n<li>Lavable a 90\u00b0C<\/li>\n<li>N\u00facleo de 17 cm de HR High Density<\/li>\n<li>3 cm de viscoel\u00e1stica<\/li>\n<li>Perfilado con c\u00e1mara de aire<\/li>\n<li>In\u00edfugo y anti\u00e1caros<\/li>\n<li>N\u00facleo articulado<\/li>\n<li>Certificaciones: Oeko-Tex y CertiPUR<\/li>\n<li>Altura: 20 cm<\/li>\n<\/ul>\n<h3>Obtienes:<\/h3>\n<p><strong>Higiene y Mantenimiento:<\/strong><\/p>\n<ul>\n<li>Funda exterior impermeable y lavable a 90\u00b0C, f\u00e1cil de mantener limpia<\/li>\n<\/ul>\n<p><strong>Confort:<\/strong><\/p>\n<ul>\n<li>N\u00facleo de 17 cm HR High Density con 3 cm de viscoel\u00e1stica, proporcionando soporte superior y comodidad<\/li>\n<\/ul>\n<p><strong>Salud y Seguridad:<\/strong><\/p>\n<ul>\n<li>Materiales in\u00edfugos y anti\u00e1caros para mayor seguridad y salud<\/li>\n<\/ul>\n<p><strong>Adaptabilidad:<\/strong><\/p>\n<ul>\n<li>N\u00facleo articulado y perfilado con c\u00e1mara de aire para una mejor circulaci\u00f3n del aire y adaptaci\u00f3n a las necesidades del usuario<\/li>\n<\/ul>\n<p><strong>Certificaciones:<\/strong><\/p>\n<ul>\n<li>Cumple con los est\u00e1ndares Oeko-Tex y CertiPUR, garantizando la calidad y seguridad del producto<\/li>\n<\/ul>\n<p><a href=\"https:\/\/www.hogarcolchon.com\/colchones-complementos-hogar\/producto\/hogar-colchon-eco-articulado\/\">https:\/\/www.hogarcolchon.com\/colchones-complementos-hogar\/producto\/hogar-colchon-eco-articulado\/<\/a><\/p>\n","protected":false},"excerpt":{"rendered":"<p>Flexisalud residencial esta dise\u00f1ado para residencias con funda de poliuretano, impermeable, transpirable e ign\u00edfuga.<\/p>\n","protected":false},"featured_media":5023,"comment_status":"open","ping_status":"closed","template":"","meta":{"_et_pb_use_builder":"","_et_pb_old_content":"","_et_gb_content_width":""},"product_brand":[],"product_cat":[6,14,16],"product_tag":[],"class_list":{"0":"post-5022","1":"product","2":"type-product","3":"status-publish","4":"has-post-thumbnail","6":"product_cat-colchones","7":"product_cat-colchones-de-latex-y-visco","8":"product_cat-colchones-de-viscoelastica-con-nucleo-hr","10":"first","11":"instock","12":"taxable","13":"shipping-taxable","14":"purchasable","15":"product-type-variable"},"_links":{"self":[{"href":"https:\/\/www.hogarcolchon.com\/colchones-complementos-hogar\/wp-json\/wp\/v2\/product\/5022","targetHints":{"allow":["GET"]}}],"collection":[{"href":"https:\/\/www.hogarcolchon.com\/colchones-complementos-hogar\/wp-json\/wp\/v2\/product"}],"about":[{"href":"https:\/\/www.hogarcolchon.com\/colchones-complementos-hogar\/wp-json\/wp\/v2\/types\/product"}],"replies":[{"embeddable":true,"href":"https:\/\/www.hogarcolchon.com\/colchones-complementos-hogar\/wp-json\/wp\/v2\/comments?post=5022"}],"wp:featuredmedia":[{"embeddable":true,"href":"https:\/\/www.hogarcolchon.com\/colchones-complementos-hogar\/wp-json\/wp\/v2\/media\/5023"}],"wp:attachment":[{"href":"https:\/\/www.hogarcolchon.com\/colchones-complementos-hogar\/wp-json\/wp\/v2\/media?parent=5022"}],"wp:term":[{"taxonomy":"product_brand","embeddable":true,"href":"https:\/\/www.hogarcolchon.com\/colchones-complementos-hogar\/wp-json\/wp\/v2\/product_brand?post=5022"},{"taxonomy":"product_cat","embeddable":true,"href":"https:\/\/www.hogarcolchon.com\/colchones-complementos-hogar\/wp-json\/wp\/v2\/product_cat?post=5022"},{"taxonomy":"product_tag","embeddable":true,"href":"https:\/\/www.hogarcolchon.com\/colchones-complementos-hogar\/wp-json\/wp\/v2\/product_tag?post=5022"}],"curies":[{"name":"wp","href":"https:\/\/api.w.org\/{rel}","templated":true}]}}