{"id":5055,"date":"2024-06-09T19:21:35","date_gmt":"2024-06-09T19:21:35","guid":{"rendered":"https:\/\/www.hogarcolchon.com\/colchones-complementos-hogar\/?post_type=product&#038;p=5055"},"modified":"2024-06-17T16:12:01","modified_gmt":"2024-06-17T16:12:01","slug":"levelhogar","status":"publish","type":"product","link":"https:\/\/www.hogarcolchon.com\/colchones-complementos-hogar\/producto\/levelhogar\/","title":{"rendered":"Levelhogar. Desde: 1318\u20ac"},"content":{"rendered":"<ul>\n<li>Fabricada en acero reforzado en recubrimiento epoxi (Levelhogar).<\/li>\n<li>Bastidor exterior de 20 x 50 mm e interior de 30 x30 mm.<\/li>\n<li>Grado elevado de adaptabilidad.<\/li>\n<li>Lecho fabricado en bastidor de 30 x 20 mm..<\/li>\n<li>24 Lamas de madera de haya 80 x 3,8 x 0,8 mm<\/li>\n<li>Soportes basculantes en caucho.<\/li>\n<li>Carro provisto de 4 ruedas de 100 mm.<\/li>\n<li>2 ruedas de freno en diagonal para bloquear.<\/li>\n<li>Carro elevador de altura variable de 38.5 a 82 cm.<\/li>\n<li>Peso m\u00e1ximo del usuario: 135 kg.<\/li>\n<li>\u00c1ngulo respaldo: M\u00e1x.70\u00b0<\/li>\n<li>\u00c1ngulo elevaci\u00f3n pierna: M\u00e1x:43\u00b0<\/li>\n<li>Medidas: 91.5 cm (ancho) x 201 cm (largo) x 38.5 cm (altura)<\/li>\n<\/ul>\n<p><a href=\"https:\/\/www.hogarcolchon.com\/colchones-complementos-hogar\/producto\/somier-multilaminas-madera\/\">https:\/\/www.hogarcolchon.com\/colchones-complementos-hogar\/producto\/somier-multilaminas-madera\/<\/a><\/p>\n","protected":false},"excerpt":{"rendered":"<p>Somier el\u00e9ctrico Levelhogar con carro provisto de 4 ruedas de 100 mm y 2 ruedas de freno en diagonal para bloquear.<\/p>\n","protected":false},"featured_media":5060,"comment_status":"open","ping_status":"closed","template":"","meta":{"_et_pb_use_builder":"","_et_pb_old_content":"","_et_gb_content_width":""},"product_brand":[],"product_cat":[27],"product_tag":[],"class_list":{"0":"post-5055","1":"product","2":"type-product","3":"status-publish","4":"has-post-thumbnail","6":"product_cat-somieres-electricos","8":"first","9":"instock","10":"taxable","11":"shipping-taxable","12":"purchasable","13":"product-type-variable"},"_links":{"self":[{"href":"https:\/\/www.hogarcolchon.com\/colchones-complementos-hogar\/wp-json\/wp\/v2\/product\/5055","targetHints":{"allow":["GET"]}}],"collection":[{"href":"https:\/\/www.hogarcolchon.com\/colchones-complementos-hogar\/wp-json\/wp\/v2\/product"}],"about":[{"href":"https:\/\/www.hogarcolchon.com\/colchones-complementos-hogar\/wp-json\/wp\/v2\/types\/product"}],"replies":[{"embeddable":true,"href":"https:\/\/www.hogarcolchon.com\/colchones-complementos-hogar\/wp-json\/wp\/v2\/comments?post=5055"}],"wp:featuredmedia":[{"embeddable":true,"href":"https:\/\/www.hogarcolchon.com\/colchones-complementos-hogar\/wp-json\/wp\/v2\/media\/5060"}],"wp:attachment":[{"href":"https:\/\/www.hogarcolchon.com\/colchones-complementos-hogar\/wp-json\/wp\/v2\/media?parent=5055"}],"wp:term":[{"taxonomy":"product_brand","embeddable":true,"href":"https:\/\/www.hogarcolchon.com\/colchones-complementos-hogar\/wp-json\/wp\/v2\/product_brand?post=5055"},{"taxonomy":"product_cat","embeddable":true,"href":"https:\/\/www.hogarcolchon.com\/colchones-complementos-hogar\/wp-json\/wp\/v2\/product_cat?post=5055"},{"taxonomy":"product_tag","embeddable":true,"href":"https:\/\/www.hogarcolchon.com\/colchones-complementos-hogar\/wp-json\/wp\/v2\/product_tag?post=5055"}],"curies":[{"name":"wp","href":"https:\/\/api.w.org\/{rel}","templated":true}]}}