{"id":5082,"date":"2024-06-10T16:38:52","date_gmt":"2024-06-10T16:38:52","guid":{"rendered":"https:\/\/www.hogarcolchon.com\/colchones-complementos-hogar\/?post_type=product&#038;p=5082"},"modified":"2024-06-24T14:31:06","modified_gmt":"2024-06-24T14:31:06","slug":"viscosleep-deluxe","status":"publish","type":"product","link":"https:\/\/www.hogarcolchon.com\/colchones-complementos-hogar\/producto\/viscosleep-deluxe\/","title":{"rendered":"ViscoSleep Deluxe. Desde 999\u20ac"},"content":{"rendered":"<h2>Descripci\u00f3n<\/h2>\n<ul>\n<li><strong>Viscoel\u00e1stica Reticular<\/strong>: Viscoel\u00e1stica de 50 Kg\/m\u00b3 con poro abierto. No da calor, muy transpirable y confortable (ViscoSleep Deluxe).<\/li>\n<li><strong>Tejido blanco acolchado<\/strong>: Acolchado con viscoel\u00e1stica Reticular de 50 Kg\/m\u00b3.<\/li>\n<li><strong>HR Extra-Suave 40 Kg\/m\u00b3<\/strong>: M\u00e1xima elasticidad y adaptaci\u00f3n progresiva, facilita el movimiento (capa 4 cm).<\/li>\n<li><strong>Visco de alta densidad 30 Kg\/m\u00b3<\/strong>: Firmeza y durabilidad.<\/li>\n<li><strong>4 Asas verticales<\/strong>: Para facilitar el volteo.<\/li>\n<li><strong>Tejido inferior gris acolchado<\/strong>: Mayor transpiraci\u00f3n.<\/li>\n<li><strong>Tejido platabanda gris<\/strong>.<\/li>\n<li><strong>HR-Supersoft memory<\/strong><\/li>\n<li><strong>Viscoel\u00e1stica 7 cm<\/strong><\/li>\n<li><strong>Grueso +\/-: 32 cm.<\/strong><\/li>\n<li><strong>Fabricado en Espa\u00f1a<\/strong><\/li>\n<\/ul>\n<p><strong>Obtienes:<\/strong><\/p>\n<ul>\n<li><strong>Descanso y recuperaci\u00f3n<\/strong>: (HR-30 Kg\/m\u00b3) Mejora la calidad del sue\u00f1o.<\/li>\n<li><strong>Alivio de la presi\u00f3n corporal<\/strong>: (Viscoel\u00e1stica Reticular) Correcta alineaci\u00f3n de la columna vertebral y la postura del cuerpo.<\/li>\n<li><strong>Confort<\/strong>: (HR Extra-Suave) M\u00e1xima elasticidad y adaptaci\u00f3n progresiva, reduce el estr\u00e9s y mejora el bienestar f\u00edsico y emocional.<\/li>\n<li><strong>Higiene y salud<\/strong>: (Tejido gris) Transpiraci\u00f3n \u00f3ptima, mantiene el colch\u00f3n limpio y fresco.<\/li>\n<\/ul>\n<p><a href=\"https:\/\/www.hogarcolchon.com\/colchones-complementos-hogar\/producto\/baqueira-desde-775e\/\">https:\/\/www.hogarcolchon.com\/colchones-complementos-hogar\/producto\/baqueira-desde-775e\/<\/a><\/p>\n<p>&nbsp;<\/p>\n","protected":false},"excerpt":{"rendered":"<p>Hogar Colch\u00f3n ViscoSleep Deluxe, colch\u00f3n con viscoel\u00e1stica Reticular de alta transpirabilidad y HR Extra-Suave para un confort y adaptabilidad excepcionales. Dise\u00f1ado para proporcionar un descanso fresco y reparador, con materiales de alta densidad que garantizan durabilidad y firmeza.<\/p>\n","protected":false},"featured_media":5502,"comment_status":"open","ping_status":"closed","template":"","meta":{"_et_pb_use_builder":"","_et_pb_old_content":"","_et_gb_content_width":""},"product_brand":[],"product_cat":[6,16,77],"product_tag":[57,63,67,62,51,328,46],"class_list":{"0":"post-5082","1":"product","2":"type-product","3":"status-publish","4":"has-post-thumbnail","6":"product_cat-colchones","7":"product_cat-colchones-de-viscoelastica-con-nucleo-hr","8":"product_cat-colchones-ecologicos-cetificado","9":"product_tag-adaptable","10":"product_tag-antialergico","11":"product_tag-antihongos","12":"product_tag-antihumedad","13":"product_tag-independencia-de-peso","14":"product_tag-recuperacion-del-sueno","15":"product_tag-transpirable","17":"first","18":"instock","19":"taxable","20":"shipping-taxable","21":"purchasable","22":"product-type-variable"},"_links":{"self":[{"href":"https:\/\/www.hogarcolchon.com\/colchones-complementos-hogar\/wp-json\/wp\/v2\/product\/5082","targetHints":{"allow":["GET"]}}],"collection":[{"href":"https:\/\/www.hogarcolchon.com\/colchones-complementos-hogar\/wp-json\/wp\/v2\/product"}],"about":[{"href":"https:\/\/www.hogarcolchon.com\/colchones-complementos-hogar\/wp-json\/wp\/v2\/types\/product"}],"replies":[{"embeddable":true,"href":"https:\/\/www.hogarcolchon.com\/colchones-complementos-hogar\/wp-json\/wp\/v2\/comments?post=5082"}],"wp:featuredmedia":[{"embeddable":true,"href":"https:\/\/www.hogarcolchon.com\/colchones-complementos-hogar\/wp-json\/wp\/v2\/media\/5502"}],"wp:attachment":[{"href":"https:\/\/www.hogarcolchon.com\/colchones-complementos-hogar\/wp-json\/wp\/v2\/media?parent=5082"}],"wp:term":[{"taxonomy":"product_brand","embeddable":true,"href":"https:\/\/www.hogarcolchon.com\/colchones-complementos-hogar\/wp-json\/wp\/v2\/product_brand?post=5082"},{"taxonomy":"product_cat","embeddable":true,"href":"https:\/\/www.hogarcolchon.com\/colchones-complementos-hogar\/wp-json\/wp\/v2\/product_cat?post=5082"},{"taxonomy":"product_tag","embeddable":true,"href":"https:\/\/www.hogarcolchon.com\/colchones-complementos-hogar\/wp-json\/wp\/v2\/product_tag?post=5082"}],"curies":[{"name":"wp","href":"https:\/\/api.w.org\/{rel}","templated":true}]}}