{"id":5474,"date":"2024-06-24T12:35:53","date_gmt":"2024-06-24T12:35:53","guid":{"rendered":"https:\/\/www.hogarcolchon.com\/colchones-complementos-hogar\/?post_type=product&#038;p=5474"},"modified":"2024-06-24T14:31:37","modified_gmt":"2024-06-24T14:31:37","slug":"vital-luxe","status":"publish","type":"product","link":"https:\/\/www.hogarcolchon.com\/colchones-complementos-hogar\/producto\/vital-luxe\/","title":{"rendered":"Vital Luxe. Desde 799\u20ac"},"content":{"rendered":"<h2>Descripci\u00f3n<\/h2>\n<div class=\"group\/conversation-turn relative flex w-full min-w-0 flex-col agent-turn\">\n<div class=\"flex-col gap-1 md:gap-3\">\n<div class=\"flex flex-grow flex-col max-w-full\">\n<div class=\"min-h-[20px] text-message flex flex-col items-start whitespace-pre-wrap break-words [.text-message+&amp;]:mt-5 juice:w-full juice:items-end overflow-x-auto gap-2\" dir=\"auto\" data-message-author-role=\"assistant\" data-message-id=\"52e880ad-2991-47c0-9db3-794ab34fa23d\">\n<div class=\"flex w-full flex-col gap-1 juice:empty:hidden juice:first:pt-[3px]\">\n<div class=\"markdown prose w-full break-words dark:prose-invert light\">\n<ul>\n<li><strong>Viscoel\u00e1stica<\/strong> de 50 Kg\/m\u00b3 con poro abierto reticular para m\u00e1xima transpirabilidad y confort (vital luxe).<\/li>\n<li><strong>Desenfundable<\/strong> con cremallera.<\/li>\n<li><strong>Tejido con Viscosa<\/strong>: Fibra natural derivada de la celulosa de la madera, con tacto sedoso y alta elasticidad, capacidad de adaptaci\u00f3n y absorci\u00f3n de humedad.<\/li>\n<li><strong>Funda interior<\/strong>.<\/li>\n<li><strong>Tejido Platabanda<\/strong>.<\/li>\n<li><strong>Viscoel\u00e1stica 7 cm<\/strong><\/li>\n<li><strong>Tejido Inferior Gris<\/strong>: Proporciona mayor transpiraci\u00f3n.<\/li>\n<li>Visco de alta densidad 28 Kg\/m\u00b3 de tacto suave, ofreciendo excepcionales niveles de descanso y confort.<\/li>\n<li><strong>Colch\u00f3n con 0 puntos de presi\u00f3n<\/strong>: Garantiza un sue\u00f1o reparador sin molestias para tu cuerpo.<\/li>\n<li><strong>Grueso +\/-: 28 cm.<\/strong><\/li>\n<li><strong>Fabricado en Espa\u00f1a<\/strong><\/li>\n<\/ul>\n<h3>Beneficios<\/h3>\n<ul>\n<li><strong>Descanso y recuperaci\u00f3n<\/strong>: (Viscoel\u00e1stica) Libera puntos de presi\u00f3n del cuerpo doloridas.<\/li>\n<li><strong>Durabilidad<\/strong>: (N\u00facleo indeformable) M\u00e1s duraderos y resistentes.<\/li>\n<li><strong>Confort<\/strong>: (Viscoel\u00e1stica) Distribuye uniformemente la presi\u00f3n del cuerpo sobre el colch\u00f3n mejorando la circulaci\u00f3n de la sangre y favorece un mejor descanso.<\/li>\n<li><strong>Higiene y salud<\/strong>: (Tratamiento) Hipoalerg\u00e9nico y at\u00e9rmico.<\/li>\n<\/ul>\n<\/div>\n<\/div>\n<\/div>\n<\/div>\n<\/div>\n<\/div>\n<p><a href=\"https:\/\/www.hogarcolchon.com\/colchones-complementos-hogar\/producto\/ecodream\/\">https:\/\/www.hogarcolchon.com\/colchones-complementos-hogar\/producto\/ecodream\/<\/a><\/p>\n<p>&nbsp;<\/p>\n","protected":false},"excerpt":{"rendered":"<p>Hogar Colch\u00f3n Vital Luxe, colch\u00f3n con viscoel\u00e1stica Reticular de alta transpirabilidad y Hr Extra-Suave para un confort y adaptabilidad excepcionales, dise\u00f1ado para un descanso fresco y reparador con materiales duraderos y firmes.<\/p>\n","protected":false},"featured_media":5500,"comment_status":"open","ping_status":"closed","template":"","meta":{"_et_pb_use_builder":"","_et_pb_old_content":"","_et_gb_content_width":""},"product_brand":[],"product_cat":[6,16,77],"product_tag":[57,63,67,62,51,328,46],"class_list":{"0":"post-5474","1":"product","2":"type-product","3":"status-publish","4":"has-post-thumbnail","6":"product_cat-colchones","7":"product_cat-colchones-de-viscoelastica-con-nucleo-hr","8":"product_cat-colchones-ecologicos-cetificado","9":"product_tag-adaptable","10":"product_tag-antialergico","11":"product_tag-antihongos","12":"product_tag-antihumedad","13":"product_tag-independencia-de-peso","14":"product_tag-recuperacion-del-sueno","15":"product_tag-transpirable","17":"first","18":"instock","19":"taxable","20":"shipping-taxable","21":"purchasable","22":"product-type-variable"},"_links":{"self":[{"href":"https:\/\/www.hogarcolchon.com\/colchones-complementos-hogar\/wp-json\/wp\/v2\/product\/5474","targetHints":{"allow":["GET"]}}],"collection":[{"href":"https:\/\/www.hogarcolchon.com\/colchones-complementos-hogar\/wp-json\/wp\/v2\/product"}],"about":[{"href":"https:\/\/www.hogarcolchon.com\/colchones-complementos-hogar\/wp-json\/wp\/v2\/types\/product"}],"replies":[{"embeddable":true,"href":"https:\/\/www.hogarcolchon.com\/colchones-complementos-hogar\/wp-json\/wp\/v2\/comments?post=5474"}],"wp:featuredmedia":[{"embeddable":true,"href":"https:\/\/www.hogarcolchon.com\/colchones-complementos-hogar\/wp-json\/wp\/v2\/media\/5500"}],"wp:attachment":[{"href":"https:\/\/www.hogarcolchon.com\/colchones-complementos-hogar\/wp-json\/wp\/v2\/media?parent=5474"}],"wp:term":[{"taxonomy":"product_brand","embeddable":true,"href":"https:\/\/www.hogarcolchon.com\/colchones-complementos-hogar\/wp-json\/wp\/v2\/product_brand?post=5474"},{"taxonomy":"product_cat","embeddable":true,"href":"https:\/\/www.hogarcolchon.com\/colchones-complementos-hogar\/wp-json\/wp\/v2\/product_cat?post=5474"},{"taxonomy":"product_tag","embeddable":true,"href":"https:\/\/www.hogarcolchon.com\/colchones-complementos-hogar\/wp-json\/wp\/v2\/product_tag?post=5474"}],"curies":[{"name":"wp","href":"https:\/\/api.w.org\/{rel}","templated":true}]}}