{"id":5506,"date":"2024-06-24T14:43:00","date_gmt":"2024-06-24T14:43:00","guid":{"rendered":"https:\/\/www.hogarcolchon.com\/colchones-complementos-hogar\/?post_type=product&#038;p=5506"},"modified":"2024-06-24T16:01:26","modified_gmt":"2024-06-24T16:01:26","slug":"arthogar-2","status":"publish","type":"product","link":"https:\/\/www.hogarcolchon.com\/colchones-complementos-hogar\/producto\/arthogar-2\/","title":{"rendered":"Arthogar. Desde: 935\u20ac"},"content":{"rendered":"<h4><strong>Descripci\u00f3n<\/strong><\/h4>\n<ul>\n<li>Tapa electrica con 4 articulaciones (arthogar).<\/li>\n<li>Bastidor met\u00e1lico de 50&#215;20 mm.<\/li>\n<li>Tablero Cardboard corrugado de alta resistencia.<\/li>\n<li>Retenedor met\u00e1lico en zona cabeza y pies.<\/li>\n<li>Disponible 1 cuerpo y 2 cuerpos articulados.<\/li>\n<li>Caj\u00f3n fabricado en aglomerado de 30 mm<\/li>\n<li>Fondo tablero 5 mm.<\/li>\n<li>4 patas esquineras reforzadas en MDF<\/li>\n<li>Amortiguadores hidr\u00e1ulicos en los laterales<\/li>\n<li>Altura total 35 cm, hueco \u00fatil 28cm .<\/li>\n<li>Fabricado Espa\u00f1a.<\/li>\n<\/ul>\n<p><strong>Beneficios<\/strong><\/p>\n<ul>\n<li><strong>Descanso y recuperaci\u00f3n:<\/strong> (Tapa el\u00e9ctrica) Proporciona ajuste personalizado para diferentes posiciones de descanso.<\/li>\n<li><strong>Durabilidad:<\/strong> (Caj\u00f3n de aglomerado) Materiales resistentes y de larga duraci\u00f3n.<\/li>\n<li><strong>Confort:<\/strong> (Articulaciones m\u00faltiples) Mayor comodidad y adaptabilidad.<\/li>\n<li><strong>Higiene y salud:<\/strong> (Alta transpirabilidad) Mantiene un ambiente fresco y saludable en el almacenamiento.<\/li>\n<\/ul>\n<p>&nbsp;<\/p>\n<p><a href=\"https:\/\/www.hogarcolchon.com\/colchones-complementos-hogar\/producto\/base-tapihogar\/\">https:\/\/www.hogarcolchon.com\/colchones-complementos-hogar\/producto\/base-tapihogar\/<\/a><\/p>\n","protected":false},"excerpt":{"rendered":"<p>El Canap\u00e9 Arthogar\u00a0ofrece m\u00e1xima adaptabilidad y durabilidad con tapa el\u00e9ctrica y caj\u00f3n reforzado.<\/p>\n","protected":false},"featured_media":5512,"comment_status":"open","ping_status":"closed","template":"","meta":{"_et_pb_use_builder":"","_et_pb_old_content":"","_et_gb_content_width":""},"product_brand":[],"product_cat":[27,8],"product_tag":[],"class_list":{"0":"post-5506","1":"product","2":"type-product","3":"status-publish","4":"has-post-thumbnail","6":"product_cat-somieres-electricos","7":"product_cat-somieres","9":"first","10":"instock","11":"taxable","12":"shipping-taxable","13":"purchasable","14":"product-type-variable"},"_links":{"self":[{"href":"https:\/\/www.hogarcolchon.com\/colchones-complementos-hogar\/wp-json\/wp\/v2\/product\/5506","targetHints":{"allow":["GET"]}}],"collection":[{"href":"https:\/\/www.hogarcolchon.com\/colchones-complementos-hogar\/wp-json\/wp\/v2\/product"}],"about":[{"href":"https:\/\/www.hogarcolchon.com\/colchones-complementos-hogar\/wp-json\/wp\/v2\/types\/product"}],"replies":[{"embeddable":true,"href":"https:\/\/www.hogarcolchon.com\/colchones-complementos-hogar\/wp-json\/wp\/v2\/comments?post=5506"}],"wp:featuredmedia":[{"embeddable":true,"href":"https:\/\/www.hogarcolchon.com\/colchones-complementos-hogar\/wp-json\/wp\/v2\/media\/5512"}],"wp:attachment":[{"href":"https:\/\/www.hogarcolchon.com\/colchones-complementos-hogar\/wp-json\/wp\/v2\/media?parent=5506"}],"wp:term":[{"taxonomy":"product_brand","embeddable":true,"href":"https:\/\/www.hogarcolchon.com\/colchones-complementos-hogar\/wp-json\/wp\/v2\/product_brand?post=5506"},{"taxonomy":"product_cat","embeddable":true,"href":"https:\/\/www.hogarcolchon.com\/colchones-complementos-hogar\/wp-json\/wp\/v2\/product_cat?post=5506"},{"taxonomy":"product_tag","embeddable":true,"href":"https:\/\/www.hogarcolchon.com\/colchones-complementos-hogar\/wp-json\/wp\/v2\/product_tag?post=5506"}],"curies":[{"name":"wp","href":"https:\/\/api.w.org\/{rel}","templated":true}]}}