{"id":5706,"date":"2025-02-03T17:31:08","date_gmt":"2025-02-03T17:31:08","guid":{"rendered":"https:\/\/www.hogarcolchon.com\/colchones-complementos-hogar\/?post_type=product&#038;p=5706"},"modified":"2025-02-03T21:10:28","modified_gmt":"2025-02-03T21:10:28","slug":"space-lux","status":"publish","type":"product","link":"https:\/\/www.hogarcolchon.com\/colchones-complementos-hogar\/producto\/space-lux\/","title":{"rendered":"Space Lux. Desde: 445\u20ac"},"content":{"rendered":"<ul>\n<li>Refuerzo perimetral para poder aprovechar toda la superficie del colch\u00f3n y evitar deformaciones al sentarse en el borde del colch\u00f3n Space Lux.<\/li>\n<li>Tejido Stretch.<\/li>\n<li>Reversible.<\/li>\n<li>Viscoel\u00e1stica premium en el acolchado.<\/li>\n<li>Fibra Hipoalerg\u00e9nica en acolchados.<\/li>\n<li>N\u00facleo muelles ensacado.<\/li>\n<li>Soft Exclusive en los acolchados.<\/li>\n<li>Anti\u00e1caros<\/li>\n<li>Flexcel alta densidad.<\/li>\n<li>4 asas (facilita la vuelta del colch\u00f3n).<\/li>\n<li>Grueso +\/-: 26 cm.<\/li>\n<li>Fabricado en Espa\u00f1a<\/li>\n<\/ul>\n<p><strong>Obtienes:<\/strong><\/p>\n<p class=\"_04xlpA direction-ltr align-justify para-style-body\"><strong><span class=\"WdYUQQ\">Descanso y recuperaci\u00f3n: <\/span><\/strong>(Viscoel\u00e1stica premium) <span class=\"WdYUQQ\">Mejora la calidad del sue\u00f1o.<\/span><\/p>\n<p class=\"_04xlpA direction-ltr align-justify para-style-body\"><span class=\"WdYUQQ\"><strong>Alivio de la presi\u00f3n corporal:<\/strong>\u00a0<\/span><span class=\"WdYUQQ\">(Soft Exclusive<\/span><span class=\"WdYUQQ\">)<\/span>\u00a0<span class=\"WdYUQQ\">correcta alineaci\u00f3n de la columna vertebral y la postura del cuerpo(Hogar Colch\u00f3n Nano muelles Algod\u00f3n).<\/span><\/p>\n<p class=\"_04xlpA direction-ltr align-justify para-style-body\"><strong><span class=\"WdYUQQ\">Confort:<\/span>\u00a0<\/strong><span class=\"WdYUQQ\">(Flexcel alta densidad)<\/span>\u00a0<span class=\"WdYUQQ\">Se adapta a las necesidades de cada persona, reduce el estr\u00e9s y mejorar el bienestar f\u00edsico y emocional.<\/span><\/p>\n<p class=\"_04xlpA direction-ltr align-justify para-style-body\"><span class=\"WdYUQQ\"><strong>Higiene y salud:<\/strong>\u00a0<\/span><span class=\"WdYUQQ\">(Fibra Hipoalerg\u00e9nica y <\/span>Anti\u00e1caros<span class=\"WdYUQQ\">) Impide proliferaci\u00f3n de bacterias y hongos. Act\u00faa como termorregulador y favorece la transpirabilidad, adaptabilidad y aporta frescura natural<\/span><\/p>\n<p><a href=\"https:\/\/www.hogarcolchon.com\/colchones-complementos-hogar\/producto\/hogar-colchon-visco-lumbares\/\">https:\/\/www.hogarcolchon.com\/colchones-complementos-hogar\/producto\/hogar-colchon-visco-lumbares\/<\/a><\/p>\n","protected":false},"excerpt":{"rendered":"<p>Hogar Colch\u00f3n Space Lux, proporciona una mayor adaptabilidad, transpirabilidad e independencia de los durmientes. Adem\u00e1s, la fibra hipoalerg\u00e9nica favorece la transpirabilidad, adaptabilidad e i<span class=\"WdYUQQ\">mpide proliferaci\u00f3n de bacterias y hongos.<\/span>.<\/p>\n","protected":false},"featured_media":5788,"comment_status":"open","ping_status":"closed","template":"","meta":{"_et_pb_use_builder":"","_et_pb_old_content":"","_et_gb_content_width":""},"product_brand":[],"product_cat":[30],"product_tag":[57,63,51,45,46],"class_list":{"0":"post-5706","1":"product","2":"type-product","3":"status-publish","4":"has-post-thumbnail","6":"product_cat-muelles-ensacados","7":"product_tag-adaptable","8":"product_tag-antialergico","9":"product_tag-independencia-de-peso","10":"product_tag-suave","11":"product_tag-transpirable","13":"first","14":"instock","15":"taxable","16":"shipping-taxable","17":"purchasable","18":"product-type-variable"},"_links":{"self":[{"href":"https:\/\/www.hogarcolchon.com\/colchones-complementos-hogar\/wp-json\/wp\/v2\/product\/5706","targetHints":{"allow":["GET"]}}],"collection":[{"href":"https:\/\/www.hogarcolchon.com\/colchones-complementos-hogar\/wp-json\/wp\/v2\/product"}],"about":[{"href":"https:\/\/www.hogarcolchon.com\/colchones-complementos-hogar\/wp-json\/wp\/v2\/types\/product"}],"replies":[{"embeddable":true,"href":"https:\/\/www.hogarcolchon.com\/colchones-complementos-hogar\/wp-json\/wp\/v2\/comments?post=5706"}],"wp:featuredmedia":[{"embeddable":true,"href":"https:\/\/www.hogarcolchon.com\/colchones-complementos-hogar\/wp-json\/wp\/v2\/media\/5788"}],"wp:attachment":[{"href":"https:\/\/www.hogarcolchon.com\/colchones-complementos-hogar\/wp-json\/wp\/v2\/media?parent=5706"}],"wp:term":[{"taxonomy":"product_brand","embeddable":true,"href":"https:\/\/www.hogarcolchon.com\/colchones-complementos-hogar\/wp-json\/wp\/v2\/product_brand?post=5706"},{"taxonomy":"product_cat","embeddable":true,"href":"https:\/\/www.hogarcolchon.com\/colchones-complementos-hogar\/wp-json\/wp\/v2\/product_cat?post=5706"},{"taxonomy":"product_tag","embeddable":true,"href":"https:\/\/www.hogarcolchon.com\/colchones-complementos-hogar\/wp-json\/wp\/v2\/product_tag?post=5706"}],"curies":[{"name":"wp","href":"https:\/\/api.w.org\/{rel}","templated":true}]}}