{"id":5730,"date":"2025-02-03T18:25:12","date_gmt":"2025-02-03T18:25:12","guid":{"rendered":"https:\/\/www.hogarcolchon.com\/colchones-complementos-hogar\/?post_type=product&#038;p=5730"},"modified":"2025-02-03T21:03:59","modified_gmt":"2025-02-03T21:03:59","slug":"cottoncloud","status":"publish","type":"product","link":"https:\/\/www.hogarcolchon.com\/colchones-complementos-hogar\/producto\/cottoncloud\/","title":{"rendered":"CottonCloud. Desde 435\u20ac"},"content":{"rendered":"<ul>\n<li>\n<div class=\"flex-col gap-1 md:gap-3\">\n<div class=\"flex flex-grow flex-col max-w-full\">\n<div class=\"min-h-[20px] text-message flex flex-col items-start whitespace-pre-wrap break-words [.text-message+&amp;]:mt-5 juice:w-full juice:items-end overflow-x-auto gap-2\" dir=\"auto\" data-message-author-role=\"assistant\" data-message-id=\"ee201bf3-cc90-4971-b006-8a25aeec2bfb\">\n<div class=\"flex w-full flex-col gap-1 juice:empty:hidden juice:first:pt-[3px]\">\n<div class=\"markdown prose w-full break-words dark:prose-invert light\">\n<h3>Descripci\u00f3n<\/h3>\n<ul>\n<li><strong>Desenfundable con Cremallera<\/strong>: Facilita la limpieza y el mantenimiento del colch\u00f3n(CottonCloud).<\/li>\n<li><strong>Viscotechnology\u00ae en el acolchado.<\/strong>: La viscoel\u00e1stica compuesta de carbono,grafeno y gel. Esto asegura que el colch\u00f3n no acumule calor, manteni\u00e9ndote fresco y confortable durante toda la noche.<\/li>\n<li><strong>Tejido Stretch GRS<\/strong>: Proporciona una sensaci\u00f3n suave y c\u00f3moda al tacto.<\/li>\n<li><strong>Fibra hipoalerg\u00e9nica en acolchados<\/strong>: Mejoran la circulaci\u00f3n del aire.<\/li>\n<li><strong>Tacto Sedoso<\/strong>: Ofrece un tacto suave y sedoso, con alta elasticidad y resiliencia.<\/li>\n<li><strong>Adaptabilidad y Transpiraci\u00f3n<\/strong>: Excelente capacidad de absorci\u00f3n de la humedad y transpiraci\u00f3n similar a la del algod\u00f3n.<\/li>\n<li><strong>Soft Exclusive en acolchado<\/strong>: Proporciona una adaptabilidad y confort excepcionales, manteniendo una alta transpirabilidad.<\/li>\n<li><strong>Densidad Alta Visco 28 Kg\/m\u00b3<\/strong>: Material de alta densidad que ofrece un soporte firme y duradero.<\/li>\n<li><strong>Altura Total<\/strong>: 28 cm (+\/- 1 cm)<\/li>\n<li><strong>Fabricado en Espa\u00f1a<\/strong><\/li>\n<\/ul>\n<div class=\"flex-shrink-0 flex flex-col relative items-end\">\n<div>\n<div class=\"pt-0.5 juice:pt-0\">\n<div class=\"gizmo-bot-avatar flex h-6 w-6 items-center justify-center overflow-hidden rounded-full juice:h-8 juice:w-8\">\n<div class=\"relative p-1 rounded-sm flex items-center justify-center bg-token-main-surface-primary text-token-text-primary h-8 w-8\"><\/div>\n<\/div>\n<\/div>\n<\/div>\n<\/div>\n<div class=\"group\/conversation-turn relative flex w-full min-w-0 flex-col agent-turn\">\n<div class=\"flex-col gap-1 md:gap-3\">\n<div class=\"flex flex-grow flex-col max-w-full\">\n<div class=\"min-h-[20px] text-message flex flex-col items-start whitespace-pre-wrap break-words [.text-message+&amp;]:mt-5 juice:w-full juice:items-end overflow-x-auto gap-2\" dir=\"auto\" data-message-author-role=\"assistant\" data-message-id=\"7f384e04-629a-4648-8df6-42ee037a8f53\">\n<div class=\"flex w-full flex-col gap-1 juice:empty:hidden juice:first:pt-[3px]\">\n<div class=\"markdown prose w-full break-words dark:prose-invert light\">\n<h3>Innovaci\u00f3n en Materiales<\/h3>\n<ul>\n<li><strong>Viscotechnology\u00ae <\/strong>: La viscoel\u00e1stica compuesta de carbono, grafeno y gel. Esto asegura que el colch\u00f3n no acumule calor, manteni\u00e9ndote fresco y confortable durante toda la noche.<\/li>\n<\/ul>\n<h3>Beneficios Clave<\/h3>\n<ul>\n<li><strong>Cuidado de la Columna<\/strong>: Proporciona una colocaci\u00f3n \u00f3ptima de todas las v\u00e9rtebras, gracias a su capacidad de adaptaci\u00f3n y la firmeza del n\u00facleo.<\/li>\n<li><strong>Prevenci\u00f3n de Malas Posturas<\/strong>: La firmeza y la adaptabilidad del colch\u00f3n ayudan a prevenir contracturas musculares, proporcionando una sensaci\u00f3n de descanso y bienestar al despertar.<\/li>\n<li><strong>Alta Transpirabilidad<\/strong>: La viscoel\u00e1stica de poro abierto y el tejido Soft con viscosa permiten una excelente circulaci\u00f3n del aire, evitando la acumulaci\u00f3n de calor.<\/li>\n<\/ul>\n<h3>Mantenimiento de tu Colch\u00f3n CottonCloud<\/h3>\n<h4>Cuidados del Colch\u00f3n CottonCloud<\/h4>\n<ul>\n<li><strong>Ventilaci\u00f3n<\/strong>: Coloca tu colch\u00f3n sobre un somier bien ventilado.<\/li>\n<li><strong>Giro del Colch\u00f3n<\/strong>: Recomendamos girar tu colch\u00f3n ocasionalmente, pero no es necesario voltearlo, ya que nuestros colchones tienen una sola cara de descanso.<\/li>\n<\/ul>\n<h3>Experimenta un descanso Fresco y Confortable con CottonCloud<\/h3>\n<p>El colch\u00f3n CottonCloud\u00a0no solo te proporciona un descanso reparador, sino que tambi\u00e9n cuida de tu salud y del medio ambiente. Con su combinaci\u00f3n de viscoel\u00e1stica de poro abierto, tejido Soft con viscosa y n\u00facleo articulado, es la elecci\u00f3n ideal para quienes buscan calidad y confort en su descanso diario.<\/p>\n<\/div>\n<\/div>\n<\/div>\n<\/div>\n<\/div>\n<\/div>\n<\/div>\n<\/div>\n<\/div>\n<\/div>\n<\/div>\n<\/li>\n<\/ul>\n<p><a href=\"https:\/\/www.hogarcolchon.com\/colchones-complementos-hogar\/producto\/resident\/\">https:\/\/www.hogarcolchon.com\/colchones-complementos-hogar\/producto\/resident\/<\/a><\/p>\n<p>&nbsp;<\/p>\n","protected":false},"excerpt":{"rendered":"<p>Descansa con mayor frescor y comodidad con el colch\u00f3n <strong>CottonCloud<\/strong>, dise\u00f1ado para proporcionar un confort excepcional y una transpirabilidad superior. Este colch\u00f3n combina materiales de alta calidad para ofrecerte una experiencia de sue\u00f1o inigualable.<\/p>\n","protected":false},"featured_media":5785,"comment_status":"open","ping_status":"closed","template":"","meta":{"_et_pb_use_builder":"","_et_pb_old_content":"","_et_gb_content_width":""},"product_brand":[],"product_cat":[6,16],"product_tag":[56,63,61,68,67,62,46],"class_list":{"0":"post-5730","1":"product","2":"type-product","3":"status-publish","4":"has-post-thumbnail","6":"product_cat-colchones","7":"product_cat-colchones-de-viscoelastica-con-nucleo-hr","8":"product_tag-absorvente","9":"product_tag-antialergico","10":"product_tag-antiasfixia","11":"product_tag-antibacterias","12":"product_tag-antihongos","13":"product_tag-antihumedad","14":"product_tag-transpirable","16":"first","17":"instock","18":"taxable","19":"shipping-taxable","20":"purchasable","21":"product-type-variable"},"_links":{"self":[{"href":"https:\/\/www.hogarcolchon.com\/colchones-complementos-hogar\/wp-json\/wp\/v2\/product\/5730","targetHints":{"allow":["GET"]}}],"collection":[{"href":"https:\/\/www.hogarcolchon.com\/colchones-complementos-hogar\/wp-json\/wp\/v2\/product"}],"about":[{"href":"https:\/\/www.hogarcolchon.com\/colchones-complementos-hogar\/wp-json\/wp\/v2\/types\/product"}],"replies":[{"embeddable":true,"href":"https:\/\/www.hogarcolchon.com\/colchones-complementos-hogar\/wp-json\/wp\/v2\/comments?post=5730"}],"wp:featuredmedia":[{"embeddable":true,"href":"https:\/\/www.hogarcolchon.com\/colchones-complementos-hogar\/wp-json\/wp\/v2\/media\/5785"}],"wp:attachment":[{"href":"https:\/\/www.hogarcolchon.com\/colchones-complementos-hogar\/wp-json\/wp\/v2\/media?parent=5730"}],"wp:term":[{"taxonomy":"product_brand","embeddable":true,"href":"https:\/\/www.hogarcolchon.com\/colchones-complementos-hogar\/wp-json\/wp\/v2\/product_brand?post=5730"},{"taxonomy":"product_cat","embeddable":true,"href":"https:\/\/www.hogarcolchon.com\/colchones-complementos-hogar\/wp-json\/wp\/v2\/product_cat?post=5730"},{"taxonomy":"product_tag","embeddable":true,"href":"https:\/\/www.hogarcolchon.com\/colchones-complementos-hogar\/wp-json\/wp\/v2\/product_tag?post=5730"}],"curies":[{"name":"wp","href":"https:\/\/api.w.org\/{rel}","templated":true}]}}