{"id":987,"date":"2016-12-03T18:46:43","date_gmt":"2016-12-03T18:46:43","guid":{"rendered":"https:\/\/www.hogarcolchon.com\/colchones-complementos-hogar\/?post_type=product&#038;p=987"},"modified":"2024-05-29T20:39:13","modified_gmt":"2024-05-29T20:39:13","slug":"somier-basic","status":"publish","type":"product","link":"https:\/\/www.hogarcolchon.com\/colchones-complementos-hogar\/producto\/somier-basic\/","title":{"rendered":"Somier Basic. Desde: 75\u20ac"},"content":{"rendered":"<ul>\n<li>Estructura de acero con refuerzo central.<\/li>\n<li>Fabricado en bastidor de 30 x 30 mm.<\/li>\n<li>Lamas de madera de chopo natural 100 mm.<\/li>\n<li>Acabado con papel laminado en madera.<\/li>\n<li>Fabricado en Espa\u00f1a<\/li>\n<\/ul>\n<p><a href=\"https:\/\/www.hogarcolchon.com\/colchones-complementos-hogar\/producto\/somier-multilaminas-madera\/\">https:\/\/www.hogarcolchon.com\/colchones-complementos-hogar\/producto\/somier-multilaminas-madera\/<\/a><\/p>\n<p><strong>L\u00e1minas especiales zona Espalda y Lumbar<\/strong><\/p>\n<p>Las l\u00e1minas que forman parte de este somier est\u00e1n especialmente reforzadas para soportar mejor el peso en estas zonas, as\u00ed como mejorar la flexibilidad del colch\u00f3n para que este se adapte al durmiente.<\/p>\n","protected":false},"excerpt":{"rendered":"<p>Somier Basic de Hogar Colch\u00f3n, con armadura de acero y bastidor 30 x 30 mm.<\/p>\n","protected":false},"featured_media":5009,"comment_status":"open","ping_status":"closed","template":"","meta":{"_et_pb_use_builder":"","_et_pb_old_content":"","_et_gb_content_width":""},"product_brand":[],"product_cat":[26],"product_tag":[],"class_list":{"0":"post-987","1":"product","2":"type-product","3":"status-publish","4":"has-post-thumbnail","6":"product_cat-somieres-fijos","8":"first","9":"instock","10":"taxable","11":"shipping-taxable","12":"purchasable","13":"product-type-variable"},"_links":{"self":[{"href":"https:\/\/www.hogarcolchon.com\/colchones-complementos-hogar\/wp-json\/wp\/v2\/product\/987","targetHints":{"allow":["GET"]}}],"collection":[{"href":"https:\/\/www.hogarcolchon.com\/colchones-complementos-hogar\/wp-json\/wp\/v2\/product"}],"about":[{"href":"https:\/\/www.hogarcolchon.com\/colchones-complementos-hogar\/wp-json\/wp\/v2\/types\/product"}],"replies":[{"embeddable":true,"href":"https:\/\/www.hogarcolchon.com\/colchones-complementos-hogar\/wp-json\/wp\/v2\/comments?post=987"}],"wp:featuredmedia":[{"embeddable":true,"href":"https:\/\/www.hogarcolchon.com\/colchones-complementos-hogar\/wp-json\/wp\/v2\/media\/5009"}],"wp:attachment":[{"href":"https:\/\/www.hogarcolchon.com\/colchones-complementos-hogar\/wp-json\/wp\/v2\/media?parent=987"}],"wp:term":[{"taxonomy":"product_brand","embeddable":true,"href":"https:\/\/www.hogarcolchon.com\/colchones-complementos-hogar\/wp-json\/wp\/v2\/product_brand?post=987"},{"taxonomy":"product_cat","embeddable":true,"href":"https:\/\/www.hogarcolchon.com\/colchones-complementos-hogar\/wp-json\/wp\/v2\/product_cat?post=987"},{"taxonomy":"product_tag","embeddable":true,"href":"https:\/\/www.hogarcolchon.com\/colchones-complementos-hogar\/wp-json\/wp\/v2\/product_tag?post=987"}],"curies":[{"name":"wp","href":"https:\/\/api.w.org\/{rel}","templated":true}]}}